{"id":1126,"date":"2021-07-20T16:32:54","date_gmt":"2021-07-20T14:32:54","guid":{"rendered":"https:\/\/staging.qtravel.ai\/o-nas\/"},"modified":"2023-10-02T13:57:49","modified_gmt":"2023-10-02T11:57:49","slug":"o-nas","status":"publish","type":"page","link":"https:\/\/www.qtravel.ai\/pl\/o-nas\/","title":{"rendered":"O nas"},"content":{"rendered":"<p>Qtravel.ai to elastyczna wyszukiwarka turystyczna o prawdopodobnie niesko\u0144czonych mo\u017cliwo\u015bciach. To niezwykle inteligentny system wyszukiwania w j\u0119zyku naturalnym, kt\u00f3ry obni\u017cy Twoje koszty i zwi\u0119kszy konwersj\u0119.<\/p>\n<p>Jeste\u015bmy z Gda\u0144ska, pasjonuj\u0105 nas podr\u00f3\u017ce i technologie. Dzi\u0119ki dziesi\u0119cioletniemu do\u015bwiadczeniu w tych dziedzinach &#8211; dok\u0142adnie wiemy, czego chc\u0105 podr\u00f3\u017cnicy. Naszym celem jest zapewnienie spersonalizowanego systemu z funkcjonalno\u015bci\u0105 wyszukiwania i odkrywania nowych destynacji, kt\u00f3re b\u0119dzie zar\u00f3wno proste i skuteczne, a zarazem stworzy u\u017cytkownikom nieograniczone mo\u017cliwo\u015bci.<\/p>\n","protected":false},"excerpt":{"rendered":"<p>Qtravel.ai to elastyczna wyszukiwarka turystyczna o prawdopodobnie niesko\u0144czonych mo\u017cliwo\u015bciach. To niezwykle inteligentny system wyszukiwania w j\u0119zyku naturalnym, kt\u00f3ry obni\u017cy Twoje koszty i zwi\u0119kszy konwersj\u0119. Jeste\u015bmy z Gda\u0144ska, pasjonuj\u0105 nas podr\u00f3\u017ce i technologie. Dzi\u0119ki dziesi\u0119cioletniemu do\u015bwiadczeniu w tych dziedzinach &#8211; dok\u0142adnie wiemy, czego chc\u0105 podr\u00f3\u017cnicy. Naszym celem jest zapewnienie spersonalizowanego systemu z funkcjonalno\u015bci\u0105 wyszukiwania i odkrywania [&hellip;]<\/p>\n","protected":false},"author":7,"featured_media":1127,"parent":0,"menu_order":0,"comment_status":"closed","ping_status":"closed","template":"page-about-us.php","meta":{"_acf_changed":false,"content-type":"","footnotes":""},"class_list":["post-1126","page","type-page","status-publish","has-post-thumbnail","hentry"],"acf":[],"yoast_head":"<!-- This site is optimized with the Yoast SEO plugin v24.7 - https:\/\/yoast.com\/wordpress\/plugins\/seo\/ -->\n<title>O nas - Qtravel.ai<\/title>\n<meta name=\"description\" content=\"Qtravel.ai to elastyczna wyszukiwarka turystyczna o prawdopodobnie niesko\u0144czonych mo\u017cliwo\u015bciach. To niezwykle inteligentny system wyszukiwania w j\u0119zyku naturalnym, kt\u00f3ry obni\u017cy Twoje koszty i zwi\u0119kszy konwersj\u0119.\" \/>\n<meta name=\"robots\" content=\"index, follow, max-snippet:-1, max-image-preview:large, max-video-preview:-1\" \/>\n<link rel=\"canonical\" href=\"https:\/\/www.qtravel.ai\/pl\/o-nas\/\" \/>\n<meta property=\"og:locale\" content=\"pl_PL\" \/>\n<meta property=\"og:type\" content=\"article\" \/>\n<meta property=\"og:title\" content=\"O nas - Qtravel.ai\" \/>\n<meta property=\"og:description\" content=\"Qtravel.ai to elastyczna wyszukiwarka turystyczna o prawdopodobnie niesko\u0144czonych mo\u017cliwo\u015bciach. To niezwykle inteligentny system wyszukiwania w j\u0119zyku naturalnym, kt\u00f3ry obni\u017cy Twoje koszty i zwi\u0119kszy konwersj\u0119.\" \/>\n<meta property=\"og:url\" content=\"https:\/\/www.qtravel.ai\/pl\/o-nas\/\" \/>\n<meta property=\"og:site_name\" content=\"Qtravel.ai\" \/>\n<meta property=\"article:publisher\" content=\"https:\/\/www.facebook.com\/qtravelai\" \/>\n<meta property=\"article:modified_time\" content=\"2023-10-02T11:57:49+00:00\" \/>\n<meta property=\"og:image\" content=\"https:\/\/www.qtravel.ai\/wp-content\/uploads\/2021\/10\/qtravel-ai-wyszukiwarka-turystyczna-nowej-generacji.png\" \/>\n\t<meta property=\"og:image:width\" content=\"1024\" \/>\n\t<meta property=\"og:image:height\" content=\"512\" \/>\n\t<meta property=\"og:image:type\" content=\"image\/png\" \/>\n<meta name=\"twitter:card\" content=\"summary_large_image\" \/>\n<meta name=\"twitter:label1\" content=\"Szacowany czas czytania\" \/>\n\t<meta name=\"twitter:data1\" content=\"1 minuta\" \/>\n<script type=\"application\/ld+json\" class=\"yoast-schema-graph\">{\"@context\":\"https:\/\/schema.org\",\"@graph\":[{\"@type\":\"WebPage\",\"@id\":\"https:\/\/www.qtravel.ai\/pl\/o-nas\/\",\"url\":\"https:\/\/www.qtravel.ai\/pl\/o-nas\/\",\"name\":\"O nas - Qtravel.ai\",\"isPartOf\":{\"@id\":\"\/#website\"},\"primaryImageOfPage\":{\"@id\":\"https:\/\/www.qtravel.ai\/pl\/o-nas\/#primaryimage\"},\"image\":{\"@id\":\"https:\/\/www.qtravel.ai\/pl\/o-nas\/#primaryimage\"},\"thumbnailUrl\":\"https:\/\/www.qtravel.ai\/wp-content\/uploads\/2021\/02\/gdans-zuraw-870x265-1.jpg\",\"datePublished\":\"2021-07-20T14:32:54+00:00\",\"dateModified\":\"2023-10-02T11:57:49+00:00\",\"description\":\"Qtravel.ai to elastyczna wyszukiwarka turystyczna o prawdopodobnie niesko\u0144czonych mo\u017cliwo\u015bciach. To niezwykle inteligentny system wyszukiwania w j\u0119zyku naturalnym, kt\u00f3ry obni\u017cy Twoje koszty i zwi\u0119kszy konwersj\u0119.\",\"breadcrumb\":{\"@id\":\"https:\/\/www.qtravel.ai\/pl\/o-nas\/#breadcrumb\"},\"inLanguage\":\"pl-PL\",\"potentialAction\":[{\"@type\":\"ReadAction\",\"target\":[\"https:\/\/www.qtravel.ai\/pl\/o-nas\/\"]}]},{\"@type\":\"ImageObject\",\"inLanguage\":\"pl-PL\",\"@id\":\"https:\/\/www.qtravel.ai\/pl\/o-nas\/#primaryimage\",\"url\":\"https:\/\/www.qtravel.ai\/wp-content\/uploads\/2021\/02\/gdans-zuraw-870x265-1.jpg\",\"contentUrl\":\"https:\/\/www.qtravel.ai\/wp-content\/uploads\/2021\/02\/gdans-zuraw-870x265-1.jpg\",\"width\":870,\"height\":265},{\"@type\":\"BreadcrumbList\",\"@id\":\"https:\/\/www.qtravel.ai\/pl\/o-nas\/#breadcrumb\",\"itemListElement\":[{\"@type\":\"ListItem\",\"position\":1,\"name\":\"Home\",\"item\":\"https:\/\/www.qtravel.ai\/pl\/\"},{\"@type\":\"ListItem\",\"position\":2,\"name\":\"O nas\"}]},{\"@type\":\"WebSite\",\"@id\":\"\/#website\",\"url\":\"\/\",\"name\":\"Qtravel.ai\",\"description\":\"\",\"publisher\":{\"@id\":\"\/#organization\"},\"potentialAction\":[{\"@type\":\"SearchAction\",\"target\":{\"@type\":\"EntryPoint\",\"urlTemplate\":\"\/?s={search_term_string}\"},\"query-input\":{\"@type\":\"PropertyValueSpecification\",\"valueRequired\":true,\"valueName\":\"search_term_string\"}}],\"inLanguage\":\"pl-PL\"},{\"@type\":\"Organization\",\"@id\":\"\/#organization\",\"name\":\"Qtravel.ai\",\"url\":\"\/\",\"logo\":{\"@type\":\"ImageObject\",\"inLanguage\":\"pl-PL\",\"@id\":\"\/#\/schema\/logo\/image\/\",\"url\":\"https:\/\/www.qtravel.ai\/wp-content\/uploads\/2021\/10\/qtravel_znak-05.png\",\"contentUrl\":\"https:\/\/www.qtravel.ai\/wp-content\/uploads\/2021\/10\/qtravel_znak-05.png\",\"width\":3840,\"height\":2160,\"caption\":\"Qtravel.ai\"},\"image\":{\"@id\":\"\/#\/schema\/logo\/image\/\"},\"sameAs\":[\"https:\/\/www.facebook.com\/qtravelai\",\"https:\/\/www.linkedin.com\/company\/qtravel-ai\/\"]}]}<\/script>\n<!-- \/ Yoast SEO plugin. -->","yoast_head_json":{"title":"O nas - Qtravel.ai","description":"Qtravel.ai to elastyczna wyszukiwarka turystyczna o prawdopodobnie niesko\u0144czonych mo\u017cliwo\u015bciach. To niezwykle inteligentny system wyszukiwania w j\u0119zyku naturalnym, kt\u00f3ry obni\u017cy Twoje koszty i zwi\u0119kszy konwersj\u0119.","robots":{"index":"index","follow":"follow","max-snippet":"max-snippet:-1","max-image-preview":"max-image-preview:large","max-video-preview":"max-video-preview:-1"},"canonical":"https:\/\/www.qtravel.ai\/pl\/o-nas\/","og_locale":"pl_PL","og_type":"article","og_title":"O nas - Qtravel.ai","og_description":"Qtravel.ai to elastyczna wyszukiwarka turystyczna o prawdopodobnie niesko\u0144czonych mo\u017cliwo\u015bciach. To niezwykle inteligentny system wyszukiwania w j\u0119zyku naturalnym, kt\u00f3ry obni\u017cy Twoje koszty i zwi\u0119kszy konwersj\u0119.","og_url":"https:\/\/www.qtravel.ai\/pl\/o-nas\/","og_site_name":"Qtravel.ai","article_publisher":"https:\/\/www.facebook.com\/qtravelai","article_modified_time":"2023-10-02T11:57:49+00:00","og_image":[{"width":1024,"height":512,"url":"https:\/\/www.qtravel.ai\/wp-content\/uploads\/2021\/10\/qtravel-ai-wyszukiwarka-turystyczna-nowej-generacji.png","type":"image\/png"}],"twitter_card":"summary_large_image","twitter_misc":{"Szacowany czas czytania":"1 minuta"},"schema":{"@context":"https:\/\/schema.org","@graph":[{"@type":"WebPage","@id":"https:\/\/www.qtravel.ai\/pl\/o-nas\/","url":"https:\/\/www.qtravel.ai\/pl\/o-nas\/","name":"O nas - Qtravel.ai","isPartOf":{"@id":"\/#website"},"primaryImageOfPage":{"@id":"https:\/\/www.qtravel.ai\/pl\/o-nas\/#primaryimage"},"image":{"@id":"https:\/\/www.qtravel.ai\/pl\/o-nas\/#primaryimage"},"thumbnailUrl":"https:\/\/www.qtravel.ai\/wp-content\/uploads\/2021\/02\/gdans-zuraw-870x265-1.jpg","datePublished":"2021-07-20T14:32:54+00:00","dateModified":"2023-10-02T11:57:49+00:00","description":"Qtravel.ai to elastyczna wyszukiwarka turystyczna o prawdopodobnie niesko\u0144czonych mo\u017cliwo\u015bciach. To niezwykle inteligentny system wyszukiwania w j\u0119zyku naturalnym, kt\u00f3ry obni\u017cy Twoje koszty i zwi\u0119kszy konwersj\u0119.","breadcrumb":{"@id":"https:\/\/www.qtravel.ai\/pl\/o-nas\/#breadcrumb"},"inLanguage":"pl-PL","potentialAction":[{"@type":"ReadAction","target":["https:\/\/www.qtravel.ai\/pl\/o-nas\/"]}]},{"@type":"ImageObject","inLanguage":"pl-PL","@id":"https:\/\/www.qtravel.ai\/pl\/o-nas\/#primaryimage","url":"https:\/\/www.qtravel.ai\/wp-content\/uploads\/2021\/02\/gdans-zuraw-870x265-1.jpg","contentUrl":"https:\/\/www.qtravel.ai\/wp-content\/uploads\/2021\/02\/gdans-zuraw-870x265-1.jpg","width":870,"height":265},{"@type":"BreadcrumbList","@id":"https:\/\/www.qtravel.ai\/pl\/o-nas\/#breadcrumb","itemListElement":[{"@type":"ListItem","position":1,"name":"Home","item":"https:\/\/www.qtravel.ai\/pl\/"},{"@type":"ListItem","position":2,"name":"O nas"}]},{"@type":"WebSite","@id":"\/#website","url":"\/","name":"Qtravel.ai","description":"","publisher":{"@id":"\/#organization"},"potentialAction":[{"@type":"SearchAction","target":{"@type":"EntryPoint","urlTemplate":"\/?s={search_term_string}"},"query-input":{"@type":"PropertyValueSpecification","valueRequired":true,"valueName":"search_term_string"}}],"inLanguage":"pl-PL"},{"@type":"Organization","@id":"\/#organization","name":"Qtravel.ai","url":"\/","logo":{"@type":"ImageObject","inLanguage":"pl-PL","@id":"\/#\/schema\/logo\/image\/","url":"https:\/\/www.qtravel.ai\/wp-content\/uploads\/2021\/10\/qtravel_znak-05.png","contentUrl":"https:\/\/www.qtravel.ai\/wp-content\/uploads\/2021\/10\/qtravel_znak-05.png","width":3840,"height":2160,"caption":"Qtravel.ai"},"image":{"@id":"\/#\/schema\/logo\/image\/"},"sameAs":["https:\/\/www.facebook.com\/qtravelai","https:\/\/www.linkedin.com\/company\/qtravel-ai\/"]}]}},"_links":{"self":[{"href":"https:\/\/www.qtravel.ai\/pl\/wp-json\/wp\/v2\/pages\/1126"}],"collection":[{"href":"https:\/\/www.qtravel.ai\/pl\/wp-json\/wp\/v2\/pages"}],"about":[{"href":"https:\/\/www.qtravel.ai\/pl\/wp-json\/wp\/v2\/types\/page"}],"author":[{"embeddable":true,"href":"https:\/\/www.qtravel.ai\/pl\/wp-json\/wp\/v2\/users\/7"}],"replies":[{"embeddable":true,"href":"https:\/\/www.qtravel.ai\/pl\/wp-json\/wp\/v2\/comments?post=1126"}],"version-history":[{"count":4,"href":"https:\/\/www.qtravel.ai\/pl\/wp-json\/wp\/v2\/pages\/1126\/revisions"}],"predecessor-version":[{"id":3465,"href":"https:\/\/www.qtravel.ai\/pl\/wp-json\/wp\/v2\/pages\/1126\/revisions\/3465"}],"wp:featuredmedia":[{"embeddable":true,"href":"https:\/\/www.qtravel.ai\/pl\/wp-json\/wp\/v2\/media\/1127"}],"wp:attachment":[{"href":"https:\/\/www.qtravel.ai\/pl\/wp-json\/wp\/v2\/media?parent=1126"}],"curies":[{"name":"wp","href":"https:\/\/api.w.org\/{rel}","templated":true}]}}