{"id":1184,"date":"2021-07-20T18:03:25","date_gmt":"2021-07-20T16:03:25","guid":{"rendered":"https:\/\/staging.qtravel.ai\/harmonogram-dzialania\/"},"modified":"2021-10-13T13:29:28","modified_gmt":"2021-10-13T11:29:28","slug":"roadmapa","status":"publish","type":"page","link":"https:\/\/www.qtravel.ai\/pl\/roadmapa\/","title":{"rendered":"Roadmapa"},"content":{"rendered":"<p><strong>Wyszukiwarka turystyczna Qtravel jest udoskonalana ka\u017cdego dnia. Sprawd\u017a funkcjonalno\u015bci, kt\u00f3re b\u0119d\u0105 dost\u0119pne ju\u017c wkr\u00f3tce.<\/strong><\/p>\n<p>Je\u015bli chcesz porozmawia\u0107 o nowych funkcjonalno\u015bciach lub masz pomys\u0142 na inne, nie wahaj si\u0119 ani chwili d\u0142u\u017cej i po prostu skontaktuj si\u0119 z nami!<\/p>\n","protected":false},"excerpt":{"rendered":"<p>Wyszukiwarka turystyczna Qtravel jest udoskonalana ka\u017cdego dnia. Sprawd\u017a funkcjonalno\u015bci, kt\u00f3re b\u0119d\u0105 dost\u0119pne ju\u017c wkr\u00f3tce. Je\u015bli chcesz porozmawia\u0107 o nowych funkcjonalno\u015bciach lub masz pomys\u0142 na inne, nie wahaj si\u0119 ani chwili d\u0142u\u017cej i po prostu skontaktuj si\u0119 z nami!<\/p>\n","protected":false},"author":7,"featured_media":1318,"parent":0,"menu_order":0,"comment_status":"closed","ping_status":"closed","template":"page-roadmap.php","meta":{"_acf_changed":false,"content-type":"","footnotes":""},"class_list":["post-1184","page","type-page","status-publish","has-post-thumbnail","hentry"],"acf":[],"yoast_head":"<!-- This site is optimized with the Yoast SEO plugin v24.7 - https:\/\/yoast.com\/wordpress\/plugins\/seo\/ -->\n<title>Roadmapa - Qtravel.ai<\/title>\n<meta name=\"description\" content=\"Wyszukiwarka turystyczna Qtravel jest udoskonalana ka\u017cdego dnia. Sprawd\u017a funkcjonalno\u015bci, kt\u00f3re b\u0119d\u0105 dost\u0119pne ju\u017c wkr\u00f3tce.\" \/>\n<meta name=\"robots\" content=\"index, follow, max-snippet:-1, max-image-preview:large, max-video-preview:-1\" \/>\n<link rel=\"canonical\" href=\"https:\/\/www.qtravel.ai\/pl\/roadmapa\/\" \/>\n<meta property=\"og:locale\" content=\"pl_PL\" \/>\n<meta property=\"og:type\" content=\"article\" \/>\n<meta property=\"og:title\" content=\"Roadmapa - Qtravel.ai\" \/>\n<meta property=\"og:description\" content=\"Wyszukiwarka turystyczna Qtravel jest udoskonalana ka\u017cdego dnia. Sprawd\u017a funkcjonalno\u015bci, kt\u00f3re b\u0119d\u0105 dost\u0119pne ju\u017c wkr\u00f3tce.\" \/>\n<meta property=\"og:url\" content=\"https:\/\/www.qtravel.ai\/pl\/roadmapa\/\" \/>\n<meta property=\"og:site_name\" content=\"Qtravel.ai\" \/>\n<meta property=\"article:publisher\" content=\"https:\/\/www.facebook.com\/qtravelai\" \/>\n<meta property=\"article:modified_time\" content=\"2021-10-13T11:29:28+00:00\" \/>\n<meta property=\"og:image\" content=\"https:\/\/www.qtravel.ai\/wp-content\/uploads\/2021\/10\/qtravel-ai-wyszukiwarka-turystyczna-nowej-generacji.png\" \/>\n\t<meta property=\"og:image:width\" content=\"1024\" \/>\n\t<meta property=\"og:image:height\" content=\"512\" \/>\n\t<meta property=\"og:image:type\" content=\"image\/png\" \/>\n<meta name=\"twitter:card\" content=\"summary_large_image\" \/>\n<meta name=\"twitter:label1\" content=\"Szacowany czas czytania\" \/>\n\t<meta name=\"twitter:data1\" content=\"1 minuta\" \/>\n<script type=\"application\/ld+json\" class=\"yoast-schema-graph\">{\"@context\":\"https:\/\/schema.org\",\"@graph\":[{\"@type\":\"WebPage\",\"@id\":\"https:\/\/www.qtravel.ai\/pl\/roadmapa\/\",\"url\":\"https:\/\/www.qtravel.ai\/pl\/roadmapa\/\",\"name\":\"Roadmapa - Qtravel.ai\",\"isPartOf\":{\"@id\":\"\/#website\"},\"primaryImageOfPage\":{\"@id\":\"https:\/\/www.qtravel.ai\/pl\/roadmapa\/#primaryimage\"},\"image\":{\"@id\":\"https:\/\/www.qtravel.ai\/pl\/roadmapa\/#primaryimage\"},\"thumbnailUrl\":\"https:\/\/www.qtravel.ai\/wp-content\/uploads\/2020\/11\/image-1-innovative-tech.png\",\"datePublished\":\"2021-07-20T16:03:25+00:00\",\"dateModified\":\"2021-10-13T11:29:28+00:00\",\"description\":\"Wyszukiwarka turystyczna Qtravel jest udoskonalana ka\u017cdego dnia. Sprawd\u017a funkcjonalno\u015bci, kt\u00f3re b\u0119d\u0105 dost\u0119pne ju\u017c wkr\u00f3tce.\",\"breadcrumb\":{\"@id\":\"https:\/\/www.qtravel.ai\/pl\/roadmapa\/#breadcrumb\"},\"inLanguage\":\"pl-PL\",\"potentialAction\":[{\"@type\":\"ReadAction\",\"target\":[\"https:\/\/www.qtravel.ai\/pl\/roadmapa\/\"]}]},{\"@type\":\"ImageObject\",\"inLanguage\":\"pl-PL\",\"@id\":\"https:\/\/www.qtravel.ai\/pl\/roadmapa\/#primaryimage\",\"url\":\"https:\/\/www.qtravel.ai\/wp-content\/uploads\/2020\/11\/image-1-innovative-tech.png\",\"contentUrl\":\"https:\/\/www.qtravel.ai\/wp-content\/uploads\/2020\/11\/image-1-innovative-tech.png\",\"width\":487,\"height\":345},{\"@type\":\"BreadcrumbList\",\"@id\":\"https:\/\/www.qtravel.ai\/pl\/roadmapa\/#breadcrumb\",\"itemListElement\":[{\"@type\":\"ListItem\",\"position\":1,\"name\":\"Home\",\"item\":\"https:\/\/www.qtravel.ai\/pl\/\"},{\"@type\":\"ListItem\",\"position\":2,\"name\":\"Roadmapa\"}]},{\"@type\":\"WebSite\",\"@id\":\"\/#website\",\"url\":\"\/\",\"name\":\"Qtravel.ai\",\"description\":\"\",\"publisher\":{\"@id\":\"\/#organization\"},\"potentialAction\":[{\"@type\":\"SearchAction\",\"target\":{\"@type\":\"EntryPoint\",\"urlTemplate\":\"\/?s={search_term_string}\"},\"query-input\":{\"@type\":\"PropertyValueSpecification\",\"valueRequired\":true,\"valueName\":\"search_term_string\"}}],\"inLanguage\":\"pl-PL\"},{\"@type\":\"Organization\",\"@id\":\"\/#organization\",\"name\":\"Qtravel.ai\",\"url\":\"\/\",\"logo\":{\"@type\":\"ImageObject\",\"inLanguage\":\"pl-PL\",\"@id\":\"\/#\/schema\/logo\/image\/\",\"url\":\"https:\/\/www.qtravel.ai\/wp-content\/uploads\/2021\/10\/qtravel_znak-05.png\",\"contentUrl\":\"https:\/\/www.qtravel.ai\/wp-content\/uploads\/2021\/10\/qtravel_znak-05.png\",\"width\":3840,\"height\":2160,\"caption\":\"Qtravel.ai\"},\"image\":{\"@id\":\"\/#\/schema\/logo\/image\/\"},\"sameAs\":[\"https:\/\/www.facebook.com\/qtravelai\",\"https:\/\/www.linkedin.com\/company\/qtravel-ai\/\"]}]}<\/script>\n<!-- \/ Yoast SEO plugin. -->","yoast_head_json":{"title":"Roadmapa - Qtravel.ai","description":"Wyszukiwarka turystyczna Qtravel jest udoskonalana ka\u017cdego dnia. Sprawd\u017a funkcjonalno\u015bci, kt\u00f3re b\u0119d\u0105 dost\u0119pne ju\u017c wkr\u00f3tce.","robots":{"index":"index","follow":"follow","max-snippet":"max-snippet:-1","max-image-preview":"max-image-preview:large","max-video-preview":"max-video-preview:-1"},"canonical":"https:\/\/www.qtravel.ai\/pl\/roadmapa\/","og_locale":"pl_PL","og_type":"article","og_title":"Roadmapa - Qtravel.ai","og_description":"Wyszukiwarka turystyczna Qtravel jest udoskonalana ka\u017cdego dnia. Sprawd\u017a funkcjonalno\u015bci, kt\u00f3re b\u0119d\u0105 dost\u0119pne ju\u017c wkr\u00f3tce.","og_url":"https:\/\/www.qtravel.ai\/pl\/roadmapa\/","og_site_name":"Qtravel.ai","article_publisher":"https:\/\/www.facebook.com\/qtravelai","article_modified_time":"2021-10-13T11:29:28+00:00","og_image":[{"width":1024,"height":512,"url":"https:\/\/www.qtravel.ai\/wp-content\/uploads\/2021\/10\/qtravel-ai-wyszukiwarka-turystyczna-nowej-generacji.png","type":"image\/png"}],"twitter_card":"summary_large_image","twitter_misc":{"Szacowany czas czytania":"1 minuta"},"schema":{"@context":"https:\/\/schema.org","@graph":[{"@type":"WebPage","@id":"https:\/\/www.qtravel.ai\/pl\/roadmapa\/","url":"https:\/\/www.qtravel.ai\/pl\/roadmapa\/","name":"Roadmapa - Qtravel.ai","isPartOf":{"@id":"\/#website"},"primaryImageOfPage":{"@id":"https:\/\/www.qtravel.ai\/pl\/roadmapa\/#primaryimage"},"image":{"@id":"https:\/\/www.qtravel.ai\/pl\/roadmapa\/#primaryimage"},"thumbnailUrl":"https:\/\/www.qtravel.ai\/wp-content\/uploads\/2020\/11\/image-1-innovative-tech.png","datePublished":"2021-07-20T16:03:25+00:00","dateModified":"2021-10-13T11:29:28+00:00","description":"Wyszukiwarka turystyczna Qtravel jest udoskonalana ka\u017cdego dnia. Sprawd\u017a funkcjonalno\u015bci, kt\u00f3re b\u0119d\u0105 dost\u0119pne ju\u017c wkr\u00f3tce.","breadcrumb":{"@id":"https:\/\/www.qtravel.ai\/pl\/roadmapa\/#breadcrumb"},"inLanguage":"pl-PL","potentialAction":[{"@type":"ReadAction","target":["https:\/\/www.qtravel.ai\/pl\/roadmapa\/"]}]},{"@type":"ImageObject","inLanguage":"pl-PL","@id":"https:\/\/www.qtravel.ai\/pl\/roadmapa\/#primaryimage","url":"https:\/\/www.qtravel.ai\/wp-content\/uploads\/2020\/11\/image-1-innovative-tech.png","contentUrl":"https:\/\/www.qtravel.ai\/wp-content\/uploads\/2020\/11\/image-1-innovative-tech.png","width":487,"height":345},{"@type":"BreadcrumbList","@id":"https:\/\/www.qtravel.ai\/pl\/roadmapa\/#breadcrumb","itemListElement":[{"@type":"ListItem","position":1,"name":"Home","item":"https:\/\/www.qtravel.ai\/pl\/"},{"@type":"ListItem","position":2,"name":"Roadmapa"}]},{"@type":"WebSite","@id":"\/#website","url":"\/","name":"Qtravel.ai","description":"","publisher":{"@id":"\/#organization"},"potentialAction":[{"@type":"SearchAction","target":{"@type":"EntryPoint","urlTemplate":"\/?s={search_term_string}"},"query-input":{"@type":"PropertyValueSpecification","valueRequired":true,"valueName":"search_term_string"}}],"inLanguage":"pl-PL"},{"@type":"Organization","@id":"\/#organization","name":"Qtravel.ai","url":"\/","logo":{"@type":"ImageObject","inLanguage":"pl-PL","@id":"\/#\/schema\/logo\/image\/","url":"https:\/\/www.qtravel.ai\/wp-content\/uploads\/2021\/10\/qtravel_znak-05.png","contentUrl":"https:\/\/www.qtravel.ai\/wp-content\/uploads\/2021\/10\/qtravel_znak-05.png","width":3840,"height":2160,"caption":"Qtravel.ai"},"image":{"@id":"\/#\/schema\/logo\/image\/"},"sameAs":["https:\/\/www.facebook.com\/qtravelai","https:\/\/www.linkedin.com\/company\/qtravel-ai\/"]}]}},"_links":{"self":[{"href":"https:\/\/www.qtravel.ai\/pl\/wp-json\/wp\/v2\/pages\/1184"}],"collection":[{"href":"https:\/\/www.qtravel.ai\/pl\/wp-json\/wp\/v2\/pages"}],"about":[{"href":"https:\/\/www.qtravel.ai\/pl\/wp-json\/wp\/v2\/types\/page"}],"author":[{"embeddable":true,"href":"https:\/\/www.qtravel.ai\/pl\/wp-json\/wp\/v2\/users\/7"}],"replies":[{"embeddable":true,"href":"https:\/\/www.qtravel.ai\/pl\/wp-json\/wp\/v2\/comments?post=1184"}],"version-history":[{"count":6,"href":"https:\/\/www.qtravel.ai\/pl\/wp-json\/wp\/v2\/pages\/1184\/revisions"}],"predecessor-version":[{"id":1729,"href":"https:\/\/www.qtravel.ai\/pl\/wp-json\/wp\/v2\/pages\/1184\/revisions\/1729"}],"wp:featuredmedia":[{"embeddable":true,"href":"https:\/\/www.qtravel.ai\/pl\/wp-json\/wp\/v2\/media\/1318"}],"wp:attachment":[{"href":"https:\/\/www.qtravel.ai\/pl\/wp-json\/wp\/v2\/media?parent=1184"}],"curies":[{"name":"wp","href":"https:\/\/api.w.org\/{rel}","templated":true}]}}