{"id":1193,"date":"2021-07-23T17:51:45","date_gmt":"2021-07-23T15:51:45","guid":{"rendered":"https:\/\/staging.qtravel.ai\/travel-search-discovery-api\/"},"modified":"2021-10-13T13:30:40","modified_gmt":"2021-10-13T11:30:40","slug":"travel-search-discovery-api","status":"publish","type":"page","link":"https:\/\/www.qtravel.ai\/pl\/travel-search-discovery-api\/","title":{"rendered":"Travel Search &amp; Discovery API"},"content":{"rendered":"<p><strong>Nasza misja: zapewni\u0107 \u0142atwe korzystanie z naszych us\u0142ug, nawet programistom.<\/strong><\/p>\n<p>To my wykonujemy ca\u0142\u0105 \u017cmudn\u0105 prac\u0119. Wszystko po to, \u017ceby\u015b Ty m\u00f3g\u0142 skupi\u0107 si\u0119 w pe\u0142ni na swoim biznesie.<\/p>\n<p>Dajesz nam dost\u0119p do swoich danych w odpowiednim formacie (np. XML\/JSON), a my upewniamy si\u0119, \u017ce zostan\u0105 one poprawnie zaindeksowane. To zapewni wszystkim Twoim u\u017cytkownikom przyjemny i wygodny proces wyszukiwania ofert.<\/p>\n<p>Jedyne, co musisz zrobi\u0107 to po\u0142\u0105czy\u0107 gotowe do u\u017cycia API z interfejsem GraphQL (lub w razie potrzeby JSON).<\/p>\n<p>&nbsp;<\/p>\n","protected":false},"excerpt":{"rendered":"<p>Nasza misja: zapewni\u0107 \u0142atwe korzystanie z naszych us\u0142ug, nawet programistom. To my wykonujemy ca\u0142\u0105 \u017cmudn\u0105 prac\u0119. Wszystko po to, \u017ceby\u015b Ty m\u00f3g\u0142 skupi\u0107 si\u0119 w pe\u0142ni na swoim biznesie. Dajesz nam dost\u0119p do swoich danych w odpowiednim formacie (np. XML\/JSON), a my upewniamy si\u0119, \u017ce zostan\u0105 one poprawnie zaindeksowane. To zapewni wszystkim Twoim u\u017cytkownikom przyjemny [&hellip;]<\/p>\n","protected":false},"author":7,"featured_media":1316,"parent":0,"menu_order":0,"comment_status":"closed","ping_status":"closed","template":"page-simple-api.php","meta":{"_acf_changed":false,"content-type":"","footnotes":""},"class_list":["post-1193","page","type-page","status-publish","has-post-thumbnail","hentry"],"acf":[],"yoast_head":"<!-- This site is optimized with the Yoast SEO plugin v24.7 - https:\/\/yoast.com\/wordpress\/plugins\/seo\/ -->\n<title>Travel Search &amp; Discovery API - Qtravel.ai<\/title>\n<meta name=\"description\" content=\"Nasz\u0105 misj\u0105 jest zapewnienie bezproblemowego korzystania z naszych us\u0142ug, nawet dla programist\u00f3w. Wykonujemy ca\u0142\u0105 \u017cmudn\u0105 prac\u0119, \u017ceby\u015b m\u00f3g\u0142 skupi\u0107 si\u0119 na swojej podstawowej dzia\u0142alno\u015bci.\" \/>\n<meta name=\"robots\" content=\"index, follow, max-snippet:-1, max-image-preview:large, max-video-preview:-1\" \/>\n<link rel=\"canonical\" href=\"https:\/\/www.qtravel.ai\/pl\/travel-search-discovery-api\/\" \/>\n<meta property=\"og:locale\" content=\"pl_PL\" \/>\n<meta property=\"og:type\" content=\"article\" \/>\n<meta property=\"og:title\" content=\"Travel Search &amp; Discovery API - Qtravel.ai\" \/>\n<meta property=\"og:description\" content=\"Nasz\u0105 misj\u0105 jest zapewnienie bezproblemowego korzystania z naszych us\u0142ug, nawet dla programist\u00f3w. Wykonujemy ca\u0142\u0105 \u017cmudn\u0105 prac\u0119, \u017ceby\u015b m\u00f3g\u0142 skupi\u0107 si\u0119 na swojej podstawowej dzia\u0142alno\u015bci.\" \/>\n<meta property=\"og:url\" content=\"https:\/\/www.qtravel.ai\/pl\/travel-search-discovery-api\/\" \/>\n<meta property=\"og:site_name\" content=\"Qtravel.ai\" \/>\n<meta property=\"article:publisher\" content=\"https:\/\/www.facebook.com\/qtravelai\" \/>\n<meta property=\"article:modified_time\" content=\"2021-10-13T11:30:40+00:00\" \/>\n<meta property=\"og:image\" content=\"https:\/\/www.qtravel.ai\/wp-content\/uploads\/2021\/10\/qtravel-ai-wyszukiwarka-turystyczna-nowej-generacji.png\" \/>\n\t<meta property=\"og:image:width\" content=\"1024\" \/>\n\t<meta property=\"og:image:height\" content=\"512\" \/>\n\t<meta property=\"og:image:type\" content=\"image\/png\" \/>\n<meta name=\"twitter:card\" content=\"summary_large_image\" \/>\n<meta name=\"twitter:label1\" content=\"Szacowany czas czytania\" \/>\n\t<meta name=\"twitter:data1\" content=\"1 minuta\" \/>\n<script type=\"application\/ld+json\" class=\"yoast-schema-graph\">{\"@context\":\"https:\/\/schema.org\",\"@graph\":[{\"@type\":\"WebPage\",\"@id\":\"https:\/\/www.qtravel.ai\/pl\/travel-search-discovery-api\/\",\"url\":\"https:\/\/www.qtravel.ai\/pl\/travel-search-discovery-api\/\",\"name\":\"Travel Search &amp; Discovery API - Qtravel.ai\",\"isPartOf\":{\"@id\":\"\/#website\"},\"primaryImageOfPage\":{\"@id\":\"https:\/\/www.qtravel.ai\/pl\/travel-search-discovery-api\/#primaryimage\"},\"image\":{\"@id\":\"https:\/\/www.qtravel.ai\/pl\/travel-search-discovery-api\/#primaryimage\"},\"thumbnailUrl\":\"https:\/\/www.qtravel.ai\/wp-content\/uploads\/2020\/11\/image-3-innovative-tech.png\",\"datePublished\":\"2021-07-23T15:51:45+00:00\",\"dateModified\":\"2021-10-13T11:30:40+00:00\",\"description\":\"Nasz\u0105 misj\u0105 jest zapewnienie bezproblemowego korzystania z naszych us\u0142ug, nawet dla programist\u00f3w. Wykonujemy ca\u0142\u0105 \u017cmudn\u0105 prac\u0119, \u017ceby\u015b m\u00f3g\u0142 skupi\u0107 si\u0119 na swojej podstawowej dzia\u0142alno\u015bci.\",\"breadcrumb\":{\"@id\":\"https:\/\/www.qtravel.ai\/pl\/travel-search-discovery-api\/#breadcrumb\"},\"inLanguage\":\"pl-PL\",\"potentialAction\":[{\"@type\":\"ReadAction\",\"target\":[\"https:\/\/www.qtravel.ai\/pl\/travel-search-discovery-api\/\"]}]},{\"@type\":\"ImageObject\",\"inLanguage\":\"pl-PL\",\"@id\":\"https:\/\/www.qtravel.ai\/pl\/travel-search-discovery-api\/#primaryimage\",\"url\":\"https:\/\/www.qtravel.ai\/wp-content\/uploads\/2020\/11\/image-3-innovative-tech.png\",\"contentUrl\":\"https:\/\/www.qtravel.ai\/wp-content\/uploads\/2020\/11\/image-3-innovative-tech.png\",\"width\":396,\"height\":585},{\"@type\":\"BreadcrumbList\",\"@id\":\"https:\/\/www.qtravel.ai\/pl\/travel-search-discovery-api\/#breadcrumb\",\"itemListElement\":[{\"@type\":\"ListItem\",\"position\":1,\"name\":\"Home\",\"item\":\"https:\/\/www.qtravel.ai\/pl\/\"},{\"@type\":\"ListItem\",\"position\":2,\"name\":\"Travel Search &amp; Discovery API\"}]},{\"@type\":\"WebSite\",\"@id\":\"\/#website\",\"url\":\"\/\",\"name\":\"Qtravel.ai\",\"description\":\"\",\"publisher\":{\"@id\":\"\/#organization\"},\"potentialAction\":[{\"@type\":\"SearchAction\",\"target\":{\"@type\":\"EntryPoint\",\"urlTemplate\":\"\/?s={search_term_string}\"},\"query-input\":{\"@type\":\"PropertyValueSpecification\",\"valueRequired\":true,\"valueName\":\"search_term_string\"}}],\"inLanguage\":\"pl-PL\"},{\"@type\":\"Organization\",\"@id\":\"\/#organization\",\"name\":\"Qtravel.ai\",\"url\":\"\/\",\"logo\":{\"@type\":\"ImageObject\",\"inLanguage\":\"pl-PL\",\"@id\":\"\/#\/schema\/logo\/image\/\",\"url\":\"https:\/\/www.qtravel.ai\/wp-content\/uploads\/2021\/10\/qtravel_znak-05.png\",\"contentUrl\":\"https:\/\/www.qtravel.ai\/wp-content\/uploads\/2021\/10\/qtravel_znak-05.png\",\"width\":3840,\"height\":2160,\"caption\":\"Qtravel.ai\"},\"image\":{\"@id\":\"\/#\/schema\/logo\/image\/\"},\"sameAs\":[\"https:\/\/www.facebook.com\/qtravelai\",\"https:\/\/www.linkedin.com\/company\/qtravel-ai\/\"]}]}<\/script>\n<!-- \/ Yoast SEO plugin. -->","yoast_head_json":{"title":"Travel Search &amp; Discovery API - Qtravel.ai","description":"Nasz\u0105 misj\u0105 jest zapewnienie bezproblemowego korzystania z naszych us\u0142ug, nawet dla programist\u00f3w. Wykonujemy ca\u0142\u0105 \u017cmudn\u0105 prac\u0119, \u017ceby\u015b m\u00f3g\u0142 skupi\u0107 si\u0119 na swojej podstawowej dzia\u0142alno\u015bci.","robots":{"index":"index","follow":"follow","max-snippet":"max-snippet:-1","max-image-preview":"max-image-preview:large","max-video-preview":"max-video-preview:-1"},"canonical":"https:\/\/www.qtravel.ai\/pl\/travel-search-discovery-api\/","og_locale":"pl_PL","og_type":"article","og_title":"Travel Search &amp; Discovery API - Qtravel.ai","og_description":"Nasz\u0105 misj\u0105 jest zapewnienie bezproblemowego korzystania z naszych us\u0142ug, nawet dla programist\u00f3w. Wykonujemy ca\u0142\u0105 \u017cmudn\u0105 prac\u0119, \u017ceby\u015b m\u00f3g\u0142 skupi\u0107 si\u0119 na swojej podstawowej dzia\u0142alno\u015bci.","og_url":"https:\/\/www.qtravel.ai\/pl\/travel-search-discovery-api\/","og_site_name":"Qtravel.ai","article_publisher":"https:\/\/www.facebook.com\/qtravelai","article_modified_time":"2021-10-13T11:30:40+00:00","og_image":[{"width":1024,"height":512,"url":"https:\/\/www.qtravel.ai\/wp-content\/uploads\/2021\/10\/qtravel-ai-wyszukiwarka-turystyczna-nowej-generacji.png","type":"image\/png"}],"twitter_card":"summary_large_image","twitter_misc":{"Szacowany czas czytania":"1 minuta"},"schema":{"@context":"https:\/\/schema.org","@graph":[{"@type":"WebPage","@id":"https:\/\/www.qtravel.ai\/pl\/travel-search-discovery-api\/","url":"https:\/\/www.qtravel.ai\/pl\/travel-search-discovery-api\/","name":"Travel Search &amp; Discovery API - Qtravel.ai","isPartOf":{"@id":"\/#website"},"primaryImageOfPage":{"@id":"https:\/\/www.qtravel.ai\/pl\/travel-search-discovery-api\/#primaryimage"},"image":{"@id":"https:\/\/www.qtravel.ai\/pl\/travel-search-discovery-api\/#primaryimage"},"thumbnailUrl":"https:\/\/www.qtravel.ai\/wp-content\/uploads\/2020\/11\/image-3-innovative-tech.png","datePublished":"2021-07-23T15:51:45+00:00","dateModified":"2021-10-13T11:30:40+00:00","description":"Nasz\u0105 misj\u0105 jest zapewnienie bezproblemowego korzystania z naszych us\u0142ug, nawet dla programist\u00f3w. Wykonujemy ca\u0142\u0105 \u017cmudn\u0105 prac\u0119, \u017ceby\u015b m\u00f3g\u0142 skupi\u0107 si\u0119 na swojej podstawowej dzia\u0142alno\u015bci.","breadcrumb":{"@id":"https:\/\/www.qtravel.ai\/pl\/travel-search-discovery-api\/#breadcrumb"},"inLanguage":"pl-PL","potentialAction":[{"@type":"ReadAction","target":["https:\/\/www.qtravel.ai\/pl\/travel-search-discovery-api\/"]}]},{"@type":"ImageObject","inLanguage":"pl-PL","@id":"https:\/\/www.qtravel.ai\/pl\/travel-search-discovery-api\/#primaryimage","url":"https:\/\/www.qtravel.ai\/wp-content\/uploads\/2020\/11\/image-3-innovative-tech.png","contentUrl":"https:\/\/www.qtravel.ai\/wp-content\/uploads\/2020\/11\/image-3-innovative-tech.png","width":396,"height":585},{"@type":"BreadcrumbList","@id":"https:\/\/www.qtravel.ai\/pl\/travel-search-discovery-api\/#breadcrumb","itemListElement":[{"@type":"ListItem","position":1,"name":"Home","item":"https:\/\/www.qtravel.ai\/pl\/"},{"@type":"ListItem","position":2,"name":"Travel Search &amp; Discovery API"}]},{"@type":"WebSite","@id":"\/#website","url":"\/","name":"Qtravel.ai","description":"","publisher":{"@id":"\/#organization"},"potentialAction":[{"@type":"SearchAction","target":{"@type":"EntryPoint","urlTemplate":"\/?s={search_term_string}"},"query-input":{"@type":"PropertyValueSpecification","valueRequired":true,"valueName":"search_term_string"}}],"inLanguage":"pl-PL"},{"@type":"Organization","@id":"\/#organization","name":"Qtravel.ai","url":"\/","logo":{"@type":"ImageObject","inLanguage":"pl-PL","@id":"\/#\/schema\/logo\/image\/","url":"https:\/\/www.qtravel.ai\/wp-content\/uploads\/2021\/10\/qtravel_znak-05.png","contentUrl":"https:\/\/www.qtravel.ai\/wp-content\/uploads\/2021\/10\/qtravel_znak-05.png","width":3840,"height":2160,"caption":"Qtravel.ai"},"image":{"@id":"\/#\/schema\/logo\/image\/"},"sameAs":["https:\/\/www.facebook.com\/qtravelai","https:\/\/www.linkedin.com\/company\/qtravel-ai\/"]}]}},"_links":{"self":[{"href":"https:\/\/www.qtravel.ai\/pl\/wp-json\/wp\/v2\/pages\/1193"}],"collection":[{"href":"https:\/\/www.qtravel.ai\/pl\/wp-json\/wp\/v2\/pages"}],"about":[{"href":"https:\/\/www.qtravel.ai\/pl\/wp-json\/wp\/v2\/types\/page"}],"author":[{"embeddable":true,"href":"https:\/\/www.qtravel.ai\/pl\/wp-json\/wp\/v2\/users\/7"}],"replies":[{"embeddable":true,"href":"https:\/\/www.qtravel.ai\/pl\/wp-json\/wp\/v2\/comments?post=1193"}],"version-history":[{"count":5,"href":"https:\/\/www.qtravel.ai\/pl\/wp-json\/wp\/v2\/pages\/1193\/revisions"}],"predecessor-version":[{"id":1836,"href":"https:\/\/www.qtravel.ai\/pl\/wp-json\/wp\/v2\/pages\/1193\/revisions\/1836"}],"wp:featuredmedia":[{"embeddable":true,"href":"https:\/\/www.qtravel.ai\/pl\/wp-json\/wp\/v2\/media\/1316"}],"wp:attachment":[{"href":"https:\/\/www.qtravel.ai\/pl\/wp-json\/wp\/v2\/media?parent=1193"}],"curies":[{"name":"wp","href":"https:\/\/api.w.org\/{rel}","templated":true}]}}