{"id":1307,"date":"2021-08-03T16:05:04","date_gmt":"2021-08-03T14:05:04","guid":{"rendered":"https:\/\/staging.qtravel.ai\/wyszukiwarka-turystyczna-nowej-generacji\/"},"modified":"2024-03-15T12:43:53","modified_gmt":"2024-03-15T11:43:53","slug":"next-generation-travel-search","status":"publish","type":"page","link":"https:\/\/www.qtravel.ai\/pl\/","title":{"rendered":"Wyszukiwarka turystyczna nowej generacji"},"content":{"rendered":"","protected":false},"excerpt":{"rendered":"","protected":false},"author":1,"featured_media":0,"parent":0,"menu_order":0,"comment_status":"closed","ping_status":"open","template":"","meta":{"_acf_changed":false,"content-type":"","footnotes":""},"class_list":["post-1307","page","type-page","status-publish","hentry"],"acf":[],"yoast_head":"<!-- This site is optimized with the Yoast SEO plugin v24.7 - https:\/\/yoast.com\/wordpress\/plugins\/seo\/ -->\n<title>Qtravel.ai - Wyszukiwanie i odkrywanie dla bran\u017cy travel oparte na AI- sztucznej Inteligencji<\/title>\n<meta name=\"description\" content=\"Wyszukiwarka turystyczna jako us\u0142uga, kt\u00f3ra pozwala wdro\u017cy\u0107 funkcjonalno\u015bci wyszukiwania i odkrywania zwi\u0119kszaj\u0105ce konwersj\u0119 i obni\u017caj\u0105ce koszty.\" \/>\n<meta name=\"robots\" content=\"index, follow, max-snippet:-1, max-image-preview:large, max-video-preview:-1\" \/>\n<link rel=\"canonical\" href=\"https:\/\/www.qtravel.ai\/pl\/\" \/>\n<meta property=\"og:locale\" content=\"pl_PL\" \/>\n<meta property=\"og:type\" content=\"article\" \/>\n<meta property=\"og:title\" content=\"Qtravel.ai - Wyszukiwanie i odkrywanie dla bran\u017cy travel oparte na AI- sztucznej Inteligencji\" \/>\n<meta property=\"og:description\" content=\"Wyszukiwarka turystyczna jako us\u0142uga, kt\u00f3ra pozwala wdro\u017cy\u0107 funkcjonalno\u015bci wyszukiwania i odkrywania zwi\u0119kszaj\u0105ce konwersj\u0119 i obni\u017caj\u0105ce koszty.\" \/>\n<meta property=\"og:url\" content=\"https:\/\/www.qtravel.ai\/pl\/\" \/>\n<meta property=\"og:site_name\" content=\"Qtravel.ai\" \/>\n<meta property=\"article:publisher\" content=\"https:\/\/www.facebook.com\/qtravelai\" \/>\n<meta property=\"article:modified_time\" content=\"2024-03-15T11:43:53+00:00\" \/>\n<meta property=\"og:image\" content=\"https:\/\/www.qtravel.ai\/wp-content\/uploads\/2021\/10\/qtravel-ai-wyszukiwarka-turystyczna-nowej-generacji.png\" \/>\n\t<meta property=\"og:image:width\" content=\"1024\" \/>\n\t<meta property=\"og:image:height\" content=\"512\" \/>\n\t<meta property=\"og:image:type\" content=\"image\/png\" \/>\n<meta name=\"twitter:card\" content=\"summary_large_image\" \/>\n<meta name=\"twitter:image\" content=\"https:\/\/www.qtravel.ai\/wp-content\/uploads\/2021\/10\/qtravel-ai-wyszukiwarka-turystyczna-nowej-generacji.png\" \/>\n<script type=\"application\/ld+json\" class=\"yoast-schema-graph\">{\"@context\":\"https:\/\/schema.org\",\"@graph\":[{\"@type\":\"WebPage\",\"@id\":\"https:\/\/www.qtravel.ai\/pl\/\",\"url\":\"https:\/\/www.qtravel.ai\/pl\/\",\"name\":\"Qtravel.ai - Wyszukiwanie i odkrywanie dla bran\u017cy travel oparte na AI- sztucznej Inteligencji\",\"isPartOf\":{\"@id\":\"\/#website\"},\"datePublished\":\"2021-08-03T14:05:04+00:00\",\"dateModified\":\"2024-03-15T11:43:53+00:00\",\"description\":\"Wyszukiwarka turystyczna jako us\u0142uga, kt\u00f3ra pozwala wdro\u017cy\u0107 funkcjonalno\u015bci wyszukiwania i odkrywania zwi\u0119kszaj\u0105ce konwersj\u0119 i obni\u017caj\u0105ce koszty.\",\"breadcrumb\":{\"@id\":\"https:\/\/www.qtravel.ai\/pl\/#breadcrumb\"},\"inLanguage\":\"pl-PL\",\"potentialAction\":[{\"@type\":\"ReadAction\",\"target\":[\"https:\/\/www.qtravel.ai\/pl\/\"]}]},{\"@type\":\"BreadcrumbList\",\"@id\":\"https:\/\/www.qtravel.ai\/pl\/#breadcrumb\",\"itemListElement\":[{\"@type\":\"ListItem\",\"position\":1,\"name\":\"Home\",\"item\":\"https:\/\/www.qtravel.ai\/pl\/\"},{\"@type\":\"ListItem\",\"position\":2,\"name\":\"Wyszukiwarka turystyczna nowej generacji\"}]},{\"@type\":\"WebSite\",\"@id\":\"\/#website\",\"url\":\"\/\",\"name\":\"Qtravel.ai\",\"description\":\"\",\"publisher\":{\"@id\":\"\/#organization\"},\"potentialAction\":[{\"@type\":\"SearchAction\",\"target\":{\"@type\":\"EntryPoint\",\"urlTemplate\":\"\/?s={search_term_string}\"},\"query-input\":{\"@type\":\"PropertyValueSpecification\",\"valueRequired\":true,\"valueName\":\"search_term_string\"}}],\"inLanguage\":\"pl-PL\"},{\"@type\":\"Organization\",\"@id\":\"\/#organization\",\"name\":\"Qtravel.ai\",\"url\":\"\/\",\"logo\":{\"@type\":\"ImageObject\",\"inLanguage\":\"pl-PL\",\"@id\":\"\/#\/schema\/logo\/image\/\",\"url\":\"https:\/\/www.qtravel.ai\/wp-content\/uploads\/2021\/10\/qtravel_znak-05.png\",\"contentUrl\":\"https:\/\/www.qtravel.ai\/wp-content\/uploads\/2021\/10\/qtravel_znak-05.png\",\"width\":3840,\"height\":2160,\"caption\":\"Qtravel.ai\"},\"image\":{\"@id\":\"\/#\/schema\/logo\/image\/\"},\"sameAs\":[\"https:\/\/www.facebook.com\/qtravelai\",\"https:\/\/www.linkedin.com\/company\/qtravel-ai\/\"]}]}<\/script>\n<!-- \/ Yoast SEO plugin. -->","yoast_head_json":{"title":"Qtravel.ai - Wyszukiwanie i odkrywanie dla bran\u017cy travel oparte na AI- sztucznej Inteligencji","description":"Wyszukiwarka turystyczna jako us\u0142uga, kt\u00f3ra pozwala wdro\u017cy\u0107 funkcjonalno\u015bci wyszukiwania i odkrywania zwi\u0119kszaj\u0105ce konwersj\u0119 i obni\u017caj\u0105ce koszty.","robots":{"index":"index","follow":"follow","max-snippet":"max-snippet:-1","max-image-preview":"max-image-preview:large","max-video-preview":"max-video-preview:-1"},"canonical":"https:\/\/www.qtravel.ai\/pl\/","og_locale":"pl_PL","og_type":"article","og_title":"Qtravel.ai - Wyszukiwanie i odkrywanie dla bran\u017cy travel oparte na AI- sztucznej Inteligencji","og_description":"Wyszukiwarka turystyczna jako us\u0142uga, kt\u00f3ra pozwala wdro\u017cy\u0107 funkcjonalno\u015bci wyszukiwania i odkrywania zwi\u0119kszaj\u0105ce konwersj\u0119 i obni\u017caj\u0105ce koszty.","og_url":"https:\/\/www.qtravel.ai\/pl\/","og_site_name":"Qtravel.ai","article_publisher":"https:\/\/www.facebook.com\/qtravelai","article_modified_time":"2024-03-15T11:43:53+00:00","og_image":[{"width":1024,"height":512,"url":"https:\/\/www.qtravel.ai\/wp-content\/uploads\/2021\/10\/qtravel-ai-wyszukiwarka-turystyczna-nowej-generacji.png","type":"image\/png"}],"twitter_card":"summary_large_image","twitter_image":"https:\/\/www.qtravel.ai\/wp-content\/uploads\/2021\/10\/qtravel-ai-wyszukiwarka-turystyczna-nowej-generacji.png","schema":{"@context":"https:\/\/schema.org","@graph":[{"@type":"WebPage","@id":"https:\/\/www.qtravel.ai\/pl\/","url":"https:\/\/www.qtravel.ai\/pl\/","name":"Qtravel.ai - Wyszukiwanie i odkrywanie dla bran\u017cy travel oparte na AI- sztucznej Inteligencji","isPartOf":{"@id":"\/#website"},"datePublished":"2021-08-03T14:05:04+00:00","dateModified":"2024-03-15T11:43:53+00:00","description":"Wyszukiwarka turystyczna jako us\u0142uga, kt\u00f3ra pozwala wdro\u017cy\u0107 funkcjonalno\u015bci wyszukiwania i odkrywania zwi\u0119kszaj\u0105ce konwersj\u0119 i obni\u017caj\u0105ce koszty.","breadcrumb":{"@id":"https:\/\/www.qtravel.ai\/pl\/#breadcrumb"},"inLanguage":"pl-PL","potentialAction":[{"@type":"ReadAction","target":["https:\/\/www.qtravel.ai\/pl\/"]}]},{"@type":"BreadcrumbList","@id":"https:\/\/www.qtravel.ai\/pl\/#breadcrumb","itemListElement":[{"@type":"ListItem","position":1,"name":"Home","item":"https:\/\/www.qtravel.ai\/pl\/"},{"@type":"ListItem","position":2,"name":"Wyszukiwarka turystyczna nowej generacji"}]},{"@type":"WebSite","@id":"\/#website","url":"\/","name":"Qtravel.ai","description":"","publisher":{"@id":"\/#organization"},"potentialAction":[{"@type":"SearchAction","target":{"@type":"EntryPoint","urlTemplate":"\/?s={search_term_string}"},"query-input":{"@type":"PropertyValueSpecification","valueRequired":true,"valueName":"search_term_string"}}],"inLanguage":"pl-PL"},{"@type":"Organization","@id":"\/#organization","name":"Qtravel.ai","url":"\/","logo":{"@type":"ImageObject","inLanguage":"pl-PL","@id":"\/#\/schema\/logo\/image\/","url":"https:\/\/www.qtravel.ai\/wp-content\/uploads\/2021\/10\/qtravel_znak-05.png","contentUrl":"https:\/\/www.qtravel.ai\/wp-content\/uploads\/2021\/10\/qtravel_znak-05.png","width":3840,"height":2160,"caption":"Qtravel.ai"},"image":{"@id":"\/#\/schema\/logo\/image\/"},"sameAs":["https:\/\/www.facebook.com\/qtravelai","https:\/\/www.linkedin.com\/company\/qtravel-ai\/"]}]}},"_links":{"self":[{"href":"https:\/\/www.qtravel.ai\/pl\/wp-json\/wp\/v2\/pages\/1307"}],"collection":[{"href":"https:\/\/www.qtravel.ai\/pl\/wp-json\/wp\/v2\/pages"}],"about":[{"href":"https:\/\/www.qtravel.ai\/pl\/wp-json\/wp\/v2\/types\/page"}],"author":[{"embeddable":true,"href":"https:\/\/www.qtravel.ai\/pl\/wp-json\/wp\/v2\/users\/1"}],"replies":[{"embeddable":true,"href":"https:\/\/www.qtravel.ai\/pl\/wp-json\/wp\/v2\/comments?post=1307"}],"version-history":[{"count":59,"href":"https:\/\/www.qtravel.ai\/pl\/wp-json\/wp\/v2\/pages\/1307\/revisions"}],"predecessor-version":[{"id":3645,"href":"https:\/\/www.qtravel.ai\/pl\/wp-json\/wp\/v2\/pages\/1307\/revisions\/3645"}],"wp:attachment":[{"href":"https:\/\/www.qtravel.ai\/pl\/wp-json\/wp\/v2\/media?parent=1307"}],"curies":[{"name":"wp","href":"https:\/\/api.w.org\/{rel}","templated":true}]}}