{"id":1385,"date":"2021-08-10T14:54:22","date_gmt":"2021-08-10T12:54:22","guid":{"rendered":"https:\/\/staging.qtravel.ai\/dotacje-na-innowacje\/"},"modified":"2021-10-13T13:26:14","modified_gmt":"2021-10-13T11:26:14","slug":"dotacje-na-innowacje","status":"publish","type":"page","link":"https:\/\/www.qtravel.ai\/pl\/dotacje-na-innowacje\/","title":{"rendered":"Granty na innowacje"},"content":{"rendered":"<p>W 2020 roku otrzymali\u015bmy dwa granty w wysoko\u015bci 2 milion\u00f3w euro na innowacje od NCBR (Narodowe Centrum Bada\u0144 i Rozwoju w Polsce). Do ko\u0144ca 2023 roku mamy zapewnione fundusze na rozw\u00f3j. Do tego czasu chcemy stworzy\u0107 wyszukiwark\u0119 turystyczn\u0105 nowej generacji z funkcjonalno\u015bciami wyszukiwania i odkrywania nowych destynacji oraz innymi nowoczesnymi mo\u017cliwo\u015bciami.<\/p>\n<p><strong>Wsp\u00f3\u0142pracujemy z czo\u0142owymi uniwersytetami<\/strong><\/p>\n<p>Wsp\u00f3\u0142pracujemy z trzema czo\u0142owymi polskimi uniwersytetami, kt\u00f3re zapewniaj\u0105 nam dost\u0119p do eksperckiej wiedzy na temat procesowania j\u0119zyka naturalnego, uczenia maszynowego, wyszukiwania oraz turystyki. Jeste\u015bmy przekonani, \u017ce wyszukiwanie i odkrywanie nowej generacji spe\u0142ni wszystkie oczekiwania m\u0142odego pokolenia turyst\u00f3w (zw\u0142aszcza tych urodzonych po 2020 roku). Poznaj naszych partner\u00f3w.<\/p>\n","protected":false},"excerpt":{"rendered":"<p>W 2020 roku otrzymali\u015bmy dwa granty w wysoko\u015bci 2 milion\u00f3w euro na innowacje od NCBR (Narodowe Centrum Bada\u0144 i Rozwoju w Polsce). Do ko\u0144ca 2023 roku mamy zapewnione fundusze na rozw\u00f3j. Do tego czasu chcemy stworzy\u0107 wyszukiwark\u0119 turystyczn\u0105 nowej generacji z funkcjonalno\u015bciami wyszukiwania i odkrywania nowych destynacji oraz innymi nowoczesnymi mo\u017cliwo\u015bciami. Wsp\u00f3\u0142pracujemy z czo\u0142owymi uniwersytetami [&hellip;]<\/p>\n","protected":false},"author":7,"featured_media":1386,"parent":0,"menu_order":0,"comment_status":"closed","ping_status":"closed","template":"page-grants.php","meta":{"_acf_changed":false,"content-type":"","footnotes":""},"class_list":["post-1385","page","type-page","status-publish","has-post-thumbnail","hentry"],"acf":[],"yoast_head":"<!-- This site is optimized with the Yoast SEO plugin v24.7 - https:\/\/yoast.com\/wordpress\/plugins\/seo\/ -->\n<title>Granty na innowacje - Qtravel.ai<\/title>\n<meta name=\"description\" content=\"Dzi\u0119ki wsp\u00f3\u0142pracy z czterema najlepszymi polskimi uniwersytetami, \u0142\u0105czymy wiedz\u0119 z zakresu przetwarzania j\u0119zyka naturalnego, uczenia maszynowego, wyszukiwania i podr\u00f3\u017cy. Poznaj naszych partner\u00f3w\" \/>\n<meta name=\"robots\" content=\"index, follow, max-snippet:-1, max-image-preview:large, max-video-preview:-1\" \/>\n<link rel=\"canonical\" href=\"https:\/\/www.qtravel.ai\/pl\/dotacje-na-innowacje\/\" \/>\n<meta property=\"og:locale\" content=\"pl_PL\" \/>\n<meta property=\"og:type\" content=\"article\" \/>\n<meta property=\"og:title\" content=\"Granty na innowacje - Qtravel.ai\" \/>\n<meta property=\"og:description\" content=\"Dzi\u0119ki wsp\u00f3\u0142pracy z czterema najlepszymi polskimi uniwersytetami, \u0142\u0105czymy wiedz\u0119 z zakresu przetwarzania j\u0119zyka naturalnego, uczenia maszynowego, wyszukiwania i podr\u00f3\u017cy. Poznaj naszych partner\u00f3w\" \/>\n<meta property=\"og:url\" content=\"https:\/\/www.qtravel.ai\/pl\/dotacje-na-innowacje\/\" \/>\n<meta property=\"og:site_name\" content=\"Qtravel.ai\" \/>\n<meta property=\"article:publisher\" content=\"https:\/\/www.facebook.com\/qtravelai\" \/>\n<meta property=\"article:modified_time\" content=\"2021-10-13T11:26:14+00:00\" \/>\n<meta property=\"og:image\" content=\"https:\/\/www.qtravel.ai\/wp-content\/uploads\/2021\/10\/qtravel-ai-wyszukiwarka-turystyczna-nowej-generacji.png\" \/>\n\t<meta property=\"og:image:width\" content=\"1024\" \/>\n\t<meta property=\"og:image:height\" content=\"512\" \/>\n\t<meta property=\"og:image:type\" content=\"image\/png\" \/>\n<meta name=\"twitter:card\" content=\"summary_large_image\" \/>\n<meta name=\"twitter:label1\" content=\"Szacowany czas czytania\" \/>\n\t<meta name=\"twitter:data1\" content=\"1 minuta\" \/>\n<script type=\"application\/ld+json\" class=\"yoast-schema-graph\">{\"@context\":\"https:\/\/schema.org\",\"@graph\":[{\"@type\":\"WebPage\",\"@id\":\"https:\/\/www.qtravel.ai\/pl\/dotacje-na-innowacje\/\",\"url\":\"https:\/\/www.qtravel.ai\/pl\/dotacje-na-innowacje\/\",\"name\":\"Granty na innowacje - Qtravel.ai\",\"isPartOf\":{\"@id\":\"\/#website\"},\"primaryImageOfPage\":{\"@id\":\"https:\/\/www.qtravel.ai\/pl\/dotacje-na-innowacje\/#primaryimage\"},\"image\":{\"@id\":\"https:\/\/www.qtravel.ai\/pl\/dotacje-na-innowacje\/#primaryimage\"},\"thumbnailUrl\":\"https:\/\/www.qtravel.ai\/wp-content\/uploads\/2020\/12\/image-grants-for-innovation.svg\",\"datePublished\":\"2021-08-10T12:54:22+00:00\",\"dateModified\":\"2021-10-13T11:26:14+00:00\",\"description\":\"Dzi\u0119ki wsp\u00f3\u0142pracy z czterema najlepszymi polskimi uniwersytetami, \u0142\u0105czymy wiedz\u0119 z zakresu przetwarzania j\u0119zyka naturalnego, uczenia maszynowego, wyszukiwania i podr\u00f3\u017cy. Poznaj naszych partner\u00f3w\",\"breadcrumb\":{\"@id\":\"https:\/\/www.qtravel.ai\/pl\/dotacje-na-innowacje\/#breadcrumb\"},\"inLanguage\":\"pl-PL\",\"potentialAction\":[{\"@type\":\"ReadAction\",\"target\":[\"https:\/\/www.qtravel.ai\/pl\/dotacje-na-innowacje\/\"]}]},{\"@type\":\"ImageObject\",\"inLanguage\":\"pl-PL\",\"@id\":\"https:\/\/www.qtravel.ai\/pl\/dotacje-na-innowacje\/#primaryimage\",\"url\":\"https:\/\/www.qtravel.ai\/wp-content\/uploads\/2020\/12\/image-grants-for-innovation.svg\",\"contentUrl\":\"https:\/\/www.qtravel.ai\/wp-content\/uploads\/2020\/12\/image-grants-for-innovation.svg\"},{\"@type\":\"BreadcrumbList\",\"@id\":\"https:\/\/www.qtravel.ai\/pl\/dotacje-na-innowacje\/#breadcrumb\",\"itemListElement\":[{\"@type\":\"ListItem\",\"position\":1,\"name\":\"Home\",\"item\":\"https:\/\/www.qtravel.ai\/pl\/\"},{\"@type\":\"ListItem\",\"position\":2,\"name\":\"Granty na innowacje\"}]},{\"@type\":\"WebSite\",\"@id\":\"\/#website\",\"url\":\"\/\",\"name\":\"Qtravel.ai\",\"description\":\"\",\"publisher\":{\"@id\":\"\/#organization\"},\"potentialAction\":[{\"@type\":\"SearchAction\",\"target\":{\"@type\":\"EntryPoint\",\"urlTemplate\":\"\/?s={search_term_string}\"},\"query-input\":{\"@type\":\"PropertyValueSpecification\",\"valueRequired\":true,\"valueName\":\"search_term_string\"}}],\"inLanguage\":\"pl-PL\"},{\"@type\":\"Organization\",\"@id\":\"\/#organization\",\"name\":\"Qtravel.ai\",\"url\":\"\/\",\"logo\":{\"@type\":\"ImageObject\",\"inLanguage\":\"pl-PL\",\"@id\":\"\/#\/schema\/logo\/image\/\",\"url\":\"https:\/\/www.qtravel.ai\/wp-content\/uploads\/2021\/10\/qtravel_znak-05.png\",\"contentUrl\":\"https:\/\/www.qtravel.ai\/wp-content\/uploads\/2021\/10\/qtravel_znak-05.png\",\"width\":3840,\"height\":2160,\"caption\":\"Qtravel.ai\"},\"image\":{\"@id\":\"\/#\/schema\/logo\/image\/\"},\"sameAs\":[\"https:\/\/www.facebook.com\/qtravelai\",\"https:\/\/www.linkedin.com\/company\/qtravel-ai\/\"]}]}<\/script>\n<!-- \/ Yoast SEO plugin. -->","yoast_head_json":{"title":"Granty na innowacje - Qtravel.ai","description":"Dzi\u0119ki wsp\u00f3\u0142pracy z czterema najlepszymi polskimi uniwersytetami, \u0142\u0105czymy wiedz\u0119 z zakresu przetwarzania j\u0119zyka naturalnego, uczenia maszynowego, wyszukiwania i podr\u00f3\u017cy. Poznaj naszych partner\u00f3w","robots":{"index":"index","follow":"follow","max-snippet":"max-snippet:-1","max-image-preview":"max-image-preview:large","max-video-preview":"max-video-preview:-1"},"canonical":"https:\/\/www.qtravel.ai\/pl\/dotacje-na-innowacje\/","og_locale":"pl_PL","og_type":"article","og_title":"Granty na innowacje - Qtravel.ai","og_description":"Dzi\u0119ki wsp\u00f3\u0142pracy z czterema najlepszymi polskimi uniwersytetami, \u0142\u0105czymy wiedz\u0119 z zakresu przetwarzania j\u0119zyka naturalnego, uczenia maszynowego, wyszukiwania i podr\u00f3\u017cy. Poznaj naszych partner\u00f3w","og_url":"https:\/\/www.qtravel.ai\/pl\/dotacje-na-innowacje\/","og_site_name":"Qtravel.ai","article_publisher":"https:\/\/www.facebook.com\/qtravelai","article_modified_time":"2021-10-13T11:26:14+00:00","og_image":[{"width":1024,"height":512,"url":"https:\/\/www.qtravel.ai\/wp-content\/uploads\/2021\/10\/qtravel-ai-wyszukiwarka-turystyczna-nowej-generacji.png","type":"image\/png"}],"twitter_card":"summary_large_image","twitter_misc":{"Szacowany czas czytania":"1 minuta"},"schema":{"@context":"https:\/\/schema.org","@graph":[{"@type":"WebPage","@id":"https:\/\/www.qtravel.ai\/pl\/dotacje-na-innowacje\/","url":"https:\/\/www.qtravel.ai\/pl\/dotacje-na-innowacje\/","name":"Granty na innowacje - Qtravel.ai","isPartOf":{"@id":"\/#website"},"primaryImageOfPage":{"@id":"https:\/\/www.qtravel.ai\/pl\/dotacje-na-innowacje\/#primaryimage"},"image":{"@id":"https:\/\/www.qtravel.ai\/pl\/dotacje-na-innowacje\/#primaryimage"},"thumbnailUrl":"https:\/\/www.qtravel.ai\/wp-content\/uploads\/2020\/12\/image-grants-for-innovation.svg","datePublished":"2021-08-10T12:54:22+00:00","dateModified":"2021-10-13T11:26:14+00:00","description":"Dzi\u0119ki wsp\u00f3\u0142pracy z czterema najlepszymi polskimi uniwersytetami, \u0142\u0105czymy wiedz\u0119 z zakresu przetwarzania j\u0119zyka naturalnego, uczenia maszynowego, wyszukiwania i podr\u00f3\u017cy. Poznaj naszych partner\u00f3w","breadcrumb":{"@id":"https:\/\/www.qtravel.ai\/pl\/dotacje-na-innowacje\/#breadcrumb"},"inLanguage":"pl-PL","potentialAction":[{"@type":"ReadAction","target":["https:\/\/www.qtravel.ai\/pl\/dotacje-na-innowacje\/"]}]},{"@type":"ImageObject","inLanguage":"pl-PL","@id":"https:\/\/www.qtravel.ai\/pl\/dotacje-na-innowacje\/#primaryimage","url":"https:\/\/www.qtravel.ai\/wp-content\/uploads\/2020\/12\/image-grants-for-innovation.svg","contentUrl":"https:\/\/www.qtravel.ai\/wp-content\/uploads\/2020\/12\/image-grants-for-innovation.svg"},{"@type":"BreadcrumbList","@id":"https:\/\/www.qtravel.ai\/pl\/dotacje-na-innowacje\/#breadcrumb","itemListElement":[{"@type":"ListItem","position":1,"name":"Home","item":"https:\/\/www.qtravel.ai\/pl\/"},{"@type":"ListItem","position":2,"name":"Granty na innowacje"}]},{"@type":"WebSite","@id":"\/#website","url":"\/","name":"Qtravel.ai","description":"","publisher":{"@id":"\/#organization"},"potentialAction":[{"@type":"SearchAction","target":{"@type":"EntryPoint","urlTemplate":"\/?s={search_term_string}"},"query-input":{"@type":"PropertyValueSpecification","valueRequired":true,"valueName":"search_term_string"}}],"inLanguage":"pl-PL"},{"@type":"Organization","@id":"\/#organization","name":"Qtravel.ai","url":"\/","logo":{"@type":"ImageObject","inLanguage":"pl-PL","@id":"\/#\/schema\/logo\/image\/","url":"https:\/\/www.qtravel.ai\/wp-content\/uploads\/2021\/10\/qtravel_znak-05.png","contentUrl":"https:\/\/www.qtravel.ai\/wp-content\/uploads\/2021\/10\/qtravel_znak-05.png","width":3840,"height":2160,"caption":"Qtravel.ai"},"image":{"@id":"\/#\/schema\/logo\/image\/"},"sameAs":["https:\/\/www.facebook.com\/qtravelai","https:\/\/www.linkedin.com\/company\/qtravel-ai\/"]}]}},"_links":{"self":[{"href":"https:\/\/www.qtravel.ai\/pl\/wp-json\/wp\/v2\/pages\/1385"}],"collection":[{"href":"https:\/\/www.qtravel.ai\/pl\/wp-json\/wp\/v2\/pages"}],"about":[{"href":"https:\/\/www.qtravel.ai\/pl\/wp-json\/wp\/v2\/types\/page"}],"author":[{"embeddable":true,"href":"https:\/\/www.qtravel.ai\/pl\/wp-json\/wp\/v2\/users\/7"}],"replies":[{"embeddable":true,"href":"https:\/\/www.qtravel.ai\/pl\/wp-json\/wp\/v2\/comments?post=1385"}],"version-history":[{"count":4,"href":"https:\/\/www.qtravel.ai\/pl\/wp-json\/wp\/v2\/pages\/1385\/revisions"}],"predecessor-version":[{"id":1870,"href":"https:\/\/www.qtravel.ai\/pl\/wp-json\/wp\/v2\/pages\/1385\/revisions\/1870"}],"wp:featuredmedia":[{"embeddable":true,"href":"https:\/\/www.qtravel.ai\/pl\/wp-json\/wp\/v2\/media\/1386"}],"wp:attachment":[{"href":"https:\/\/www.qtravel.ai\/pl\/wp-json\/wp\/v2\/media?parent=1385"}],"curies":[{"name":"wp","href":"https:\/\/api.w.org\/{rel}","templated":true}]}}