{"id":3325,"date":"2023-06-21T09:53:09","date_gmt":"2023-06-21T07:53:09","guid":{"rendered":"https:\/\/staging.qtravel.ai\/?page_id=3325"},"modified":"2023-11-26T19:59:59","modified_gmt":"2023-11-26T18:59:59","slug":"mikrogranty-br-dla-przedsiebiorstw","status":"publish","type":"page","link":"https:\/\/www.qtravel.ai\/pl\/projekty-unijne\/mikrogranty-br-dla-przedsiebiorstw\/","title":{"rendered":"Mikrogranty B+R dla przedsi\u0119biorstw"},"content":{"rendered":"<p>\u201eQ&amp;Q Sp. z o.o. otrzyma\u0142a dofinansowanie w ramach programu &#8222;\u03bcGranty B+R dla przedsi\u0119biorstw&#8221; wsp\u00f3\u0142finansowanego przez Uni\u0119 Europejsk\u0105 w ramach Europejskiego Funduszu Rozwoju Regionalnego, Program Operacyjny Wojew\u00f3dztwa Pomorskiego na lata 2014-2020, O\u015b Priorytetowa I. Komercjalizacja wiedzy, Dzia\u0142anie: 01.01. Ekspansja przez innowacje.<\/p>\n<p><strong>Ca\u0142kowita warto\u015b\u0107 projektu:<\/strong> 174 000,00 PLN<br \/>\n<strong>Ca\u0142kowita warto\u015b\u0107 dofinansowania:<\/strong> 130 500,00 PLN<\/p>\n<p>&nbsp;<\/p>\n<p><img loading=\"lazy\" decoding=\"async\" src=\"https:\/\/www.qtravel.ai\/wp-content\/uploads\/2023\/06\/Mikrogranty-BR-dla-przedsie\u0328biorstw--1024x97.png\" alt=\"\" width=\"640\" height=\"61\" class=\"alignnone size-large wp-image-3326\" srcset=\"https:\/\/www.qtravel.ai\/wp-content\/uploads\/2023\/06\/Mikrogranty-BR-dla-przedsie\u0328biorstw--1024x97.png 1024w, https:\/\/www.qtravel.ai\/wp-content\/uploads\/2023\/06\/Mikrogranty-BR-dla-przedsie\u0328biorstw--300x28.png 300w, https:\/\/www.qtravel.ai\/wp-content\/uploads\/2023\/06\/Mikrogranty-BR-dla-przedsie\u0328biorstw--768x73.png 768w, https:\/\/www.qtravel.ai\/wp-content\/uploads\/2023\/06\/Mikrogranty-BR-dla-przedsie\u0328biorstw--1536x146.png 1536w, https:\/\/www.qtravel.ai\/wp-content\/uploads\/2023\/06\/Mikrogranty-BR-dla-przedsie\u0328biorstw--208x20.png 208w, https:\/\/www.qtravel.ai\/wp-content\/uploads\/2023\/06\/Mikrogranty-BR-dla-przedsie\u0328biorstw--870x82.png 870w, https:\/\/www.qtravel.ai\/wp-content\/uploads\/2023\/06\/Mikrogranty-BR-dla-przedsie\u0328biorstw-.png 1889w\" sizes=\"(max-width: 640px) 100vw, 640px\" \/><\/p>\n","protected":false},"excerpt":{"rendered":"<p>\u201eQ&amp;Q Sp. z o.o. otrzyma\u0142a dofinansowanie w ramach programu &#8222;\u03bcGranty B+R dla przedsi\u0119biorstw&#8221; wsp\u00f3\u0142finansowanego przez Uni\u0119 Europejsk\u0105 w ramach Europejskiego Funduszu Rozwoju Regionalnego, Program Operacyjny Wojew\u00f3dztwa Pomorskiego na lata 2014-2020, O\u015b Priorytetowa I. Komercjalizacja wiedzy, Dzia\u0142anie: 01.01. Ekspansja przez innowacje. Ca\u0142kowita warto\u015b\u0107 projektu: 174 000,00 PLN Ca\u0142kowita warto\u015b\u0107 dofinansowania: 130 500,00 PLN &nbsp;<\/p>\n","protected":false},"author":12,"featured_media":0,"parent":3280,"menu_order":0,"comment_status":"closed","ping_status":"closed","template":"page-privacy-policy.php","meta":{"_acf_changed":false,"content-type":"","footnotes":""},"class_list":["post-3325","page","type-page","status-publish","hentry"],"acf":[],"yoast_head":"<!-- This site is optimized with the Yoast SEO plugin v24.7 - https:\/\/yoast.com\/wordpress\/plugins\/seo\/ -->\n<title>Mikrogranty B+R dla przedsi\u0119biorstw - Qtravel.ai<\/title>\n<meta name=\"robots\" content=\"index, follow, max-snippet:-1, max-image-preview:large, max-video-preview:-1\" \/>\n<link rel=\"canonical\" href=\"https:\/\/www.qtravel.ai\/pl\/projekty-unijne\/mikrogranty-br-dla-przedsiebiorstw\/\" \/>\n<meta property=\"og:locale\" content=\"pl_PL\" \/>\n<meta property=\"og:type\" content=\"article\" \/>\n<meta property=\"og:title\" content=\"Mikrogranty B+R dla przedsi\u0119biorstw - Qtravel.ai\" \/>\n<meta property=\"og:description\" content=\"\u201eQ&amp;Q Sp. z o.o. otrzyma\u0142a dofinansowanie w ramach programu &#8222;\u03bcGranty B+R dla przedsi\u0119biorstw&#8221; wsp\u00f3\u0142finansowanego przez Uni\u0119 Europejsk\u0105 w ramach Europejskiego Funduszu Rozwoju Regionalnego, Program Operacyjny Wojew\u00f3dztwa Pomorskiego na lata 2014-2020, O\u015b Priorytetowa I. Komercjalizacja wiedzy, Dzia\u0142anie: 01.01. Ekspansja przez innowacje. Ca\u0142kowita warto\u015b\u0107 projektu: 174 000,00 PLN Ca\u0142kowita warto\u015b\u0107 dofinansowania: 130 500,00 PLN &nbsp;\" \/>\n<meta property=\"og:url\" content=\"https:\/\/www.qtravel.ai\/pl\/projekty-unijne\/mikrogranty-br-dla-przedsiebiorstw\/\" \/>\n<meta property=\"og:site_name\" content=\"Qtravel.ai\" \/>\n<meta property=\"article:publisher\" content=\"https:\/\/www.facebook.com\/qtravelai\" \/>\n<meta property=\"article:modified_time\" content=\"2023-11-26T18:59:59+00:00\" \/>\n<meta property=\"og:image\" content=\"https:\/\/www.qtravel.ai\/wp-content\/uploads\/2021\/10\/qtravel-ai-next-generation-travel-search.png\" \/>\n\t<meta property=\"og:image:width\" content=\"1024\" \/>\n\t<meta property=\"og:image:height\" content=\"512\" \/>\n\t<meta property=\"og:image:type\" content=\"image\/png\" \/>\n<meta name=\"twitter:card\" content=\"summary_large_image\" \/>\n<meta name=\"twitter:label1\" content=\"Szacowany czas czytania\" \/>\n\t<meta name=\"twitter:data1\" content=\"1 minuta\" \/>\n<script type=\"application\/ld+json\" class=\"yoast-schema-graph\">{\"@context\":\"https:\/\/schema.org\",\"@graph\":[{\"@type\":\"WebPage\",\"@id\":\"https:\/\/www.qtravel.ai\/pl\/projekty-unijne\/mikrogranty-br-dla-przedsiebiorstw\/\",\"url\":\"https:\/\/www.qtravel.ai\/pl\/projekty-unijne\/mikrogranty-br-dla-przedsiebiorstw\/\",\"name\":\"Mikrogranty B+R dla przedsi\u0119biorstw - Qtravel.ai\",\"isPartOf\":{\"@id\":\"\/#website\"},\"datePublished\":\"2023-06-21T07:53:09+00:00\",\"dateModified\":\"2023-11-26T18:59:59+00:00\",\"breadcrumb\":{\"@id\":\"https:\/\/www.qtravel.ai\/pl\/projekty-unijne\/mikrogranty-br-dla-przedsiebiorstw\/#breadcrumb\"},\"inLanguage\":\"pl-PL\",\"potentialAction\":[{\"@type\":\"ReadAction\",\"target\":[\"https:\/\/www.qtravel.ai\/pl\/projekty-unijne\/mikrogranty-br-dla-przedsiebiorstw\/\"]}]},{\"@type\":\"BreadcrumbList\",\"@id\":\"https:\/\/www.qtravel.ai\/pl\/projekty-unijne\/mikrogranty-br-dla-przedsiebiorstw\/#breadcrumb\",\"itemListElement\":[{\"@type\":\"ListItem\",\"position\":1,\"name\":\"Home\",\"item\":\"https:\/\/www.qtravel.ai\/pl\/\"},{\"@type\":\"ListItem\",\"position\":2,\"name\":\"Projekty unijne\",\"item\":\"https:\/\/www.qtravel.ai\/pl\/projekty-unijne\/\"},{\"@type\":\"ListItem\",\"position\":3,\"name\":\"Mikrogranty B+R dla przedsi\u0119biorstw\"}]},{\"@type\":\"WebSite\",\"@id\":\"\/#website\",\"url\":\"\/\",\"name\":\"Qtravel.ai\",\"description\":\"\",\"publisher\":{\"@id\":\"\/#organization\"},\"potentialAction\":[{\"@type\":\"SearchAction\",\"target\":{\"@type\":\"EntryPoint\",\"urlTemplate\":\"\/?s={search_term_string}\"},\"query-input\":{\"@type\":\"PropertyValueSpecification\",\"valueRequired\":true,\"valueName\":\"search_term_string\"}}],\"inLanguage\":\"pl-PL\"},{\"@type\":\"Organization\",\"@id\":\"\/#organization\",\"name\":\"Qtravel.ai\",\"url\":\"\/\",\"logo\":{\"@type\":\"ImageObject\",\"inLanguage\":\"pl-PL\",\"@id\":\"\/#\/schema\/logo\/image\/\",\"url\":\"https:\/\/www.qtravel.ai\/wp-content\/uploads\/2021\/10\/qtravel_znak-05.png\",\"contentUrl\":\"https:\/\/www.qtravel.ai\/wp-content\/uploads\/2021\/10\/qtravel_znak-05.png\",\"width\":3840,\"height\":2160,\"caption\":\"Qtravel.ai\"},\"image\":{\"@id\":\"\/#\/schema\/logo\/image\/\"},\"sameAs\":[\"https:\/\/www.facebook.com\/qtravelai\",\"https:\/\/www.linkedin.com\/company\/qtravel-ai\/\"]}]}<\/script>\n<!-- \/ Yoast SEO plugin. -->","yoast_head_json":{"title":"Mikrogranty B+R dla przedsi\u0119biorstw - Qtravel.ai","robots":{"index":"index","follow":"follow","max-snippet":"max-snippet:-1","max-image-preview":"max-image-preview:large","max-video-preview":"max-video-preview:-1"},"canonical":"https:\/\/www.qtravel.ai\/pl\/projekty-unijne\/mikrogranty-br-dla-przedsiebiorstw\/","og_locale":"pl_PL","og_type":"article","og_title":"Mikrogranty B+R dla przedsi\u0119biorstw - Qtravel.ai","og_description":"\u201eQ&amp;Q Sp. z o.o. otrzyma\u0142a dofinansowanie w ramach programu &#8222;\u03bcGranty B+R dla przedsi\u0119biorstw&#8221; wsp\u00f3\u0142finansowanego przez Uni\u0119 Europejsk\u0105 w ramach Europejskiego Funduszu Rozwoju Regionalnego, Program Operacyjny Wojew\u00f3dztwa Pomorskiego na lata 2014-2020, O\u015b Priorytetowa I. Komercjalizacja wiedzy, Dzia\u0142anie: 01.01. Ekspansja przez innowacje. Ca\u0142kowita warto\u015b\u0107 projektu: 174 000,00 PLN Ca\u0142kowita warto\u015b\u0107 dofinansowania: 130 500,00 PLN &nbsp;","og_url":"https:\/\/www.qtravel.ai\/pl\/projekty-unijne\/mikrogranty-br-dla-przedsiebiorstw\/","og_site_name":"Qtravel.ai","article_publisher":"https:\/\/www.facebook.com\/qtravelai","article_modified_time":"2023-11-26T18:59:59+00:00","og_image":[{"width":1024,"height":512,"url":"https:\/\/www.qtravel.ai\/wp-content\/uploads\/2021\/10\/qtravel-ai-next-generation-travel-search.png","type":"image\/png"}],"twitter_card":"summary_large_image","twitter_misc":{"Szacowany czas czytania":"1 minuta"},"schema":{"@context":"https:\/\/schema.org","@graph":[{"@type":"WebPage","@id":"https:\/\/www.qtravel.ai\/pl\/projekty-unijne\/mikrogranty-br-dla-przedsiebiorstw\/","url":"https:\/\/www.qtravel.ai\/pl\/projekty-unijne\/mikrogranty-br-dla-przedsiebiorstw\/","name":"Mikrogranty B+R dla przedsi\u0119biorstw - Qtravel.ai","isPartOf":{"@id":"\/#website"},"datePublished":"2023-06-21T07:53:09+00:00","dateModified":"2023-11-26T18:59:59+00:00","breadcrumb":{"@id":"https:\/\/www.qtravel.ai\/pl\/projekty-unijne\/mikrogranty-br-dla-przedsiebiorstw\/#breadcrumb"},"inLanguage":"pl-PL","potentialAction":[{"@type":"ReadAction","target":["https:\/\/www.qtravel.ai\/pl\/projekty-unijne\/mikrogranty-br-dla-przedsiebiorstw\/"]}]},{"@type":"BreadcrumbList","@id":"https:\/\/www.qtravel.ai\/pl\/projekty-unijne\/mikrogranty-br-dla-przedsiebiorstw\/#breadcrumb","itemListElement":[{"@type":"ListItem","position":1,"name":"Home","item":"https:\/\/www.qtravel.ai\/pl\/"},{"@type":"ListItem","position":2,"name":"Projekty unijne","item":"https:\/\/www.qtravel.ai\/pl\/projekty-unijne\/"},{"@type":"ListItem","position":3,"name":"Mikrogranty B+R dla przedsi\u0119biorstw"}]},{"@type":"WebSite","@id":"\/#website","url":"\/","name":"Qtravel.ai","description":"","publisher":{"@id":"\/#organization"},"potentialAction":[{"@type":"SearchAction","target":{"@type":"EntryPoint","urlTemplate":"\/?s={search_term_string}"},"query-input":{"@type":"PropertyValueSpecification","valueRequired":true,"valueName":"search_term_string"}}],"inLanguage":"pl-PL"},{"@type":"Organization","@id":"\/#organization","name":"Qtravel.ai","url":"\/","logo":{"@type":"ImageObject","inLanguage":"pl-PL","@id":"\/#\/schema\/logo\/image\/","url":"https:\/\/www.qtravel.ai\/wp-content\/uploads\/2021\/10\/qtravel_znak-05.png","contentUrl":"https:\/\/www.qtravel.ai\/wp-content\/uploads\/2021\/10\/qtravel_znak-05.png","width":3840,"height":2160,"caption":"Qtravel.ai"},"image":{"@id":"\/#\/schema\/logo\/image\/"},"sameAs":["https:\/\/www.facebook.com\/qtravelai","https:\/\/www.linkedin.com\/company\/qtravel-ai\/"]}]}},"_links":{"self":[{"href":"https:\/\/www.qtravel.ai\/pl\/wp-json\/wp\/v2\/pages\/3325"}],"collection":[{"href":"https:\/\/www.qtravel.ai\/pl\/wp-json\/wp\/v2\/pages"}],"about":[{"href":"https:\/\/www.qtravel.ai\/pl\/wp-json\/wp\/v2\/types\/page"}],"author":[{"embeddable":true,"href":"https:\/\/www.qtravel.ai\/pl\/wp-json\/wp\/v2\/users\/12"}],"replies":[{"embeddable":true,"href":"https:\/\/www.qtravel.ai\/pl\/wp-json\/wp\/v2\/comments?post=3325"}],"version-history":[{"count":2,"href":"https:\/\/www.qtravel.ai\/pl\/wp-json\/wp\/v2\/pages\/3325\/revisions"}],"predecessor-version":[{"id":3530,"href":"https:\/\/www.qtravel.ai\/pl\/wp-json\/wp\/v2\/pages\/3325\/revisions\/3530"}],"up":[{"embeddable":true,"href":"https:\/\/www.qtravel.ai\/pl\/wp-json\/wp\/v2\/pages\/3280"}],"wp:attachment":[{"href":"https:\/\/www.qtravel.ai\/pl\/wp-json\/wp\/v2\/media?parent=3325"}],"curies":[{"name":"wp","href":"https:\/\/api.w.org\/{rel}","templated":true}]}}