{"id":4608,"date":"2025-03-27T09:05:20","date_gmt":"2025-03-27T08:05:20","guid":{"rendered":"https:\/\/staging.qtravel.ai\/?page_id=4608"},"modified":"2025-04-29T09:40:19","modified_gmt":"2025-04-29T07:40:19","slug":"qtravel-search-dashboard-skuteczny-sposob-na-poprawe-wynikow-biznesowych","status":"publish","type":"page","link":"https:\/\/www.qtravel.ai\/pl\/qtravel-search-dashboard-skuteczny-sposob-na-poprawe-wynikow-biznesowych\/","title":{"rendered":"Qtravel Search Dashboard <small> skuteczny spos\u00f3b na popraw\u0119 wynik\u00f3w biznesowych <\/small>"},"content":{"rendered":"","protected":false},"excerpt":{"rendered":"","protected":false},"author":12,"featured_media":0,"parent":0,"menu_order":0,"comment_status":"closed","ping_status":"closed","template":"page-qtravel-search-analysis.php","meta":{"_acf_changed":false,"content-type":"","footnotes":""},"class_list":["post-4608","page","type-page","status-publish","hentry"],"acf":[],"yoast_head":"<!-- This site is optimized with the Yoast SEO plugin v24.7 - https:\/\/yoast.com\/wordpress\/plugins\/seo\/ -->\n<title>Qtravel Search Dashboard  skuteczny spos\u00f3b na popraw\u0119 wynik\u00f3w biznesowych  - Qtravel.ai<\/title>\n<meta name=\"description\" content=\"Odkryj, jak Twoi klienci szukaj\u0105 wymarzonych wakacji. B\u0105d\u017a zawsze o krok przed ich zmieniaj\u0105cymi si\u0119 oczekiwaniami.\" \/>\n<meta name=\"robots\" content=\"index, follow, max-snippet:-1, max-image-preview:large, max-video-preview:-1\" \/>\n<link rel=\"canonical\" href=\"https:\/\/www.qtravel.ai\/pl\/qtravel-search-dashboard-skuteczny-sposob-na-poprawe-wynikow-biznesowych\/\" \/>\n<meta property=\"og:locale\" content=\"pl_PL\" \/>\n<meta property=\"og:type\" content=\"article\" \/>\n<meta property=\"og:title\" content=\"Qtravel Search Dashboard  skuteczny spos\u00f3b na popraw\u0119 wynik\u00f3w biznesowych  - Qtravel.ai\" \/>\n<meta property=\"og:description\" content=\"Odkryj, jak Twoi klienci szukaj\u0105 wymarzonych wakacji. B\u0105d\u017a zawsze o krok przed ich zmieniaj\u0105cymi si\u0119 oczekiwaniami.\" \/>\n<meta property=\"og:url\" content=\"https:\/\/www.qtravel.ai\/pl\/qtravel-search-dashboard-skuteczny-sposob-na-poprawe-wynikow-biznesowych\/\" \/>\n<meta property=\"og:site_name\" content=\"Qtravel.ai\" \/>\n<meta property=\"article:publisher\" content=\"https:\/\/www.facebook.com\/qtravelai\" \/>\n<meta property=\"article:modified_time\" content=\"2025-04-29T07:40:19+00:00\" \/>\n<meta property=\"og:image\" content=\"https:\/\/www.qtravel.ai\/wp-content\/uploads\/2021\/10\/qtravel-ai-next-generation-travel-search.png\" \/>\n\t<meta property=\"og:image:width\" content=\"1024\" \/>\n\t<meta property=\"og:image:height\" content=\"512\" \/>\n\t<meta property=\"og:image:type\" content=\"image\/png\" \/>\n<meta name=\"twitter:card\" content=\"summary_large_image\" \/>\n<script type=\"application\/ld+json\" class=\"yoast-schema-graph\">{\"@context\":\"https:\/\/schema.org\",\"@graph\":[{\"@type\":\"WebPage\",\"@id\":\"https:\/\/www.qtravel.ai\/pl\/qtravel-search-dashboard-skuteczny-sposob-na-poprawe-wynikow-biznesowych\/\",\"url\":\"https:\/\/www.qtravel.ai\/pl\/qtravel-search-dashboard-skuteczny-sposob-na-poprawe-wynikow-biznesowych\/\",\"name\":\"Qtravel Search Dashboard skuteczny spos\u00f3b na popraw\u0119 wynik\u00f3w biznesowych - Qtravel.ai\",\"isPartOf\":{\"@id\":\"\/#website\"},\"datePublished\":\"2025-03-27T08:05:20+00:00\",\"dateModified\":\"2025-04-29T07:40:19+00:00\",\"description\":\"Odkryj, jak Twoi klienci szukaj\u0105 wymarzonych wakacji. B\u0105d\u017a zawsze o krok przed ich zmieniaj\u0105cymi si\u0119 oczekiwaniami.\",\"breadcrumb\":{\"@id\":\"https:\/\/www.qtravel.ai\/pl\/qtravel-search-dashboard-skuteczny-sposob-na-poprawe-wynikow-biznesowych\/#breadcrumb\"},\"inLanguage\":\"pl-PL\",\"potentialAction\":[{\"@type\":\"ReadAction\",\"target\":[\"https:\/\/www.qtravel.ai\/pl\/qtravel-search-dashboard-skuteczny-sposob-na-poprawe-wynikow-biznesowych\/\"]}]},{\"@type\":\"BreadcrumbList\",\"@id\":\"https:\/\/www.qtravel.ai\/pl\/qtravel-search-dashboard-skuteczny-sposob-na-poprawe-wynikow-biznesowych\/#breadcrumb\",\"itemListElement\":[{\"@type\":\"ListItem\",\"position\":1,\"name\":\"Home\",\"item\":\"https:\/\/www.qtravel.ai\/pl\/\"},{\"@type\":\"ListItem\",\"position\":2,\"name\":\"Qtravel Search Dashboard skuteczny spos\u00f3b na popraw\u0119 wynik\u00f3w biznesowych\"}]},{\"@type\":\"WebSite\",\"@id\":\"\/#website\",\"url\":\"\/\",\"name\":\"Qtravel.ai\",\"description\":\"\",\"publisher\":{\"@id\":\"\/#organization\"},\"potentialAction\":[{\"@type\":\"SearchAction\",\"target\":{\"@type\":\"EntryPoint\",\"urlTemplate\":\"\/?s={search_term_string}\"},\"query-input\":{\"@type\":\"PropertyValueSpecification\",\"valueRequired\":true,\"valueName\":\"search_term_string\"}}],\"inLanguage\":\"pl-PL\"},{\"@type\":\"Organization\",\"@id\":\"\/#organization\",\"name\":\"Qtravel.ai\",\"url\":\"\/\",\"logo\":{\"@type\":\"ImageObject\",\"inLanguage\":\"pl-PL\",\"@id\":\"\/#\/schema\/logo\/image\/\",\"url\":\"https:\/\/www.qtravel.ai\/wp-content\/uploads\/2021\/10\/qtravel_znak-05.png\",\"contentUrl\":\"https:\/\/www.qtravel.ai\/wp-content\/uploads\/2021\/10\/qtravel_znak-05.png\",\"width\":3840,\"height\":2160,\"caption\":\"Qtravel.ai\"},\"image\":{\"@id\":\"\/#\/schema\/logo\/image\/\"},\"sameAs\":[\"https:\/\/www.facebook.com\/qtravelai\",\"https:\/\/www.linkedin.com\/company\/qtravel-ai\/\"]}]}<\/script>\n<!-- \/ Yoast SEO plugin. -->","yoast_head_json":{"title":"Qtravel Search Dashboard  skuteczny spos\u00f3b na popraw\u0119 wynik\u00f3w biznesowych  - Qtravel.ai","description":"Odkryj, jak Twoi klienci szukaj\u0105 wymarzonych wakacji. B\u0105d\u017a zawsze o krok przed ich zmieniaj\u0105cymi si\u0119 oczekiwaniami.","robots":{"index":"index","follow":"follow","max-snippet":"max-snippet:-1","max-image-preview":"max-image-preview:large","max-video-preview":"max-video-preview:-1"},"canonical":"https:\/\/www.qtravel.ai\/pl\/qtravel-search-dashboard-skuteczny-sposob-na-poprawe-wynikow-biznesowych\/","og_locale":"pl_PL","og_type":"article","og_title":"Qtravel Search Dashboard  skuteczny spos\u00f3b na popraw\u0119 wynik\u00f3w biznesowych  - Qtravel.ai","og_description":"Odkryj, jak Twoi klienci szukaj\u0105 wymarzonych wakacji. B\u0105d\u017a zawsze o krok przed ich zmieniaj\u0105cymi si\u0119 oczekiwaniami.","og_url":"https:\/\/www.qtravel.ai\/pl\/qtravel-search-dashboard-skuteczny-sposob-na-poprawe-wynikow-biznesowych\/","og_site_name":"Qtravel.ai","article_publisher":"https:\/\/www.facebook.com\/qtravelai","article_modified_time":"2025-04-29T07:40:19+00:00","og_image":[{"width":1024,"height":512,"url":"https:\/\/www.qtravel.ai\/wp-content\/uploads\/2021\/10\/qtravel-ai-next-generation-travel-search.png","type":"image\/png"}],"twitter_card":"summary_large_image","schema":{"@context":"https:\/\/schema.org","@graph":[{"@type":"WebPage","@id":"https:\/\/www.qtravel.ai\/pl\/qtravel-search-dashboard-skuteczny-sposob-na-poprawe-wynikow-biznesowych\/","url":"https:\/\/www.qtravel.ai\/pl\/qtravel-search-dashboard-skuteczny-sposob-na-poprawe-wynikow-biznesowych\/","name":"Qtravel Search Dashboard skuteczny spos\u00f3b na popraw\u0119 wynik\u00f3w biznesowych - Qtravel.ai","isPartOf":{"@id":"\/#website"},"datePublished":"2025-03-27T08:05:20+00:00","dateModified":"2025-04-29T07:40:19+00:00","description":"Odkryj, jak Twoi klienci szukaj\u0105 wymarzonych wakacji. B\u0105d\u017a zawsze o krok przed ich zmieniaj\u0105cymi si\u0119 oczekiwaniami.","breadcrumb":{"@id":"https:\/\/www.qtravel.ai\/pl\/qtravel-search-dashboard-skuteczny-sposob-na-poprawe-wynikow-biznesowych\/#breadcrumb"},"inLanguage":"pl-PL","potentialAction":[{"@type":"ReadAction","target":["https:\/\/www.qtravel.ai\/pl\/qtravel-search-dashboard-skuteczny-sposob-na-poprawe-wynikow-biznesowych\/"]}]},{"@type":"BreadcrumbList","@id":"https:\/\/www.qtravel.ai\/pl\/qtravel-search-dashboard-skuteczny-sposob-na-poprawe-wynikow-biznesowych\/#breadcrumb","itemListElement":[{"@type":"ListItem","position":1,"name":"Home","item":"https:\/\/www.qtravel.ai\/pl\/"},{"@type":"ListItem","position":2,"name":"Qtravel Search Dashboard skuteczny spos\u00f3b na popraw\u0119 wynik\u00f3w biznesowych"}]},{"@type":"WebSite","@id":"\/#website","url":"\/","name":"Qtravel.ai","description":"","publisher":{"@id":"\/#organization"},"potentialAction":[{"@type":"SearchAction","target":{"@type":"EntryPoint","urlTemplate":"\/?s={search_term_string}"},"query-input":{"@type":"PropertyValueSpecification","valueRequired":true,"valueName":"search_term_string"}}],"inLanguage":"pl-PL"},{"@type":"Organization","@id":"\/#organization","name":"Qtravel.ai","url":"\/","logo":{"@type":"ImageObject","inLanguage":"pl-PL","@id":"\/#\/schema\/logo\/image\/","url":"https:\/\/www.qtravel.ai\/wp-content\/uploads\/2021\/10\/qtravel_znak-05.png","contentUrl":"https:\/\/www.qtravel.ai\/wp-content\/uploads\/2021\/10\/qtravel_znak-05.png","width":3840,"height":2160,"caption":"Qtravel.ai"},"image":{"@id":"\/#\/schema\/logo\/image\/"},"sameAs":["https:\/\/www.facebook.com\/qtravelai","https:\/\/www.linkedin.com\/company\/qtravel-ai\/"]}]}},"_links":{"self":[{"href":"https:\/\/www.qtravel.ai\/pl\/wp-json\/wp\/v2\/pages\/4608"}],"collection":[{"href":"https:\/\/www.qtravel.ai\/pl\/wp-json\/wp\/v2\/pages"}],"about":[{"href":"https:\/\/www.qtravel.ai\/pl\/wp-json\/wp\/v2\/types\/page"}],"author":[{"embeddable":true,"href":"https:\/\/www.qtravel.ai\/pl\/wp-json\/wp\/v2\/users\/12"}],"replies":[{"embeddable":true,"href":"https:\/\/www.qtravel.ai\/pl\/wp-json\/wp\/v2\/comments?post=4608"}],"version-history":[{"count":22,"href":"https:\/\/www.qtravel.ai\/pl\/wp-json\/wp\/v2\/pages\/4608\/revisions"}],"predecessor-version":[{"id":4819,"href":"https:\/\/www.qtravel.ai\/pl\/wp-json\/wp\/v2\/pages\/4608\/revisions\/4819"}],"wp:attachment":[{"href":"https:\/\/www.qtravel.ai\/pl\/wp-json\/wp\/v2\/media?parent=4608"}],"curies":[{"name":"wp","href":"https:\/\/api.w.org\/{rel}","templated":true}]}}